{"id":4329,"date":"2016-12-29T15:11:41","date_gmt":"2016-12-29T15:11:41","guid":{"rendered":"https:\/\/meetings.informs.org\/wordpress\/wsc2017\/?page_id=4329"},"modified":"2017-04-13T18:53:25","modified_gmt":"2017-04-13T18:53:25","slug":"program","status":"publish","type":"page","link":"https:\/\/meetings.informs.org\/wordpress\/wsc2017\/program\/","title":{"rendered":"Program"},"content":{"rendered":"<p>[vc_row][vc_column width=&#8221;5\/6&#8243;][vc_column_text]WSC 2017 features a comprehensive program ranging from introductory tutorials to state-of-the-art research and practice. Planned tracks are:[\/vc_column_text][vc_row_inner][vc_column_inner width=&#8221;1\/2&#8243;][vc_column_text]<\/p>\n<ul>\n<li>Advanced Tutorials<\/li>\n<li>Agent-Based Simulation<\/li>\n<li>Analysis Methodology<\/li>\n<li>Architecture\u00a0and Construction<\/li>\n<li>Aviation Modeling\u00a0and Analysis<\/li>\n<li>Case Studies<\/li>\n<li>Cyber-Physical Systems<\/li>\n<li>Environment and Sustainability Applications<\/li>\n<li>Future of Simulation<\/li>\n<li>Gaming<\/li>\n<li>Healthcare Applications<\/li>\n<li>History of Simulation<\/li>\n<li>Hybrid Simulation<\/li>\n<li>Introductory Tutorials<\/li>\n<\/ul>\n<p>[\/vc_column_text][\/vc_column_inner][vc_column_inner width=&#8221;1\/2&#8243;][vc_column_text]<\/p>\n<ul>\n<li>Manufacturing Applications<\/li>\n<li>Logistics, SCM, Transportation<\/li>\n<li>Modeling and Analysis of Semiconductor Manufacturing (MASM)<\/li>\n<li>Military Applications and Homeland Security<\/li>\n<li>Modeling and Simulation of Intelligent, Adaptive and Autonomous Systems (MSIAAS)<\/li>\n<li>Modeling Methodology<\/li>\n<li>Poster Sessions<\/li>\n<li>Project Management<\/li>\n<li>Simulation Education<\/li>\n<li>Simulation Optimization<\/li>\n<li>Social and Behavioral Simulation<\/li>\n<li>Simulation Education<\/li>\n<li>Vendor Tutorials<\/li>\n<\/ul>\n<p>[\/vc_column_text][\/vc_column_inner][\/vc_row_inner][\/vc_column][vc_column width=&#8221;1\/6&#8243;][vc_column_text]<\/p>\n<h4>Program Links<\/h4>\n<p><a href=\"https:\/\/meetings.informs.org\/wordpress\/wsc2017\/keynotes\/\">Keynotes<\/a><br \/>\n<a href=\"https:\/\/meetings.informs.org\/wordpress\/wsc2017\/tracks\">Tracks<\/a><br \/>\n<a href=\"https:\/\/meetings.informs.org\/wordpress\/wsc2017\/tentative-schedule\/\">Tentative Schedule<\/a><br \/>\n<a href=\"https:\/\/meetings.informs.org\/wordpress\/wsc2017\/poster-sessions\/\">Poster Sessions<\/a><br \/>\n<a href=\"https:\/\/meetings.informs.org\/wordpress\/wsc2017\/phd-colloquium\/\">PhD Colloquium<\/a><br \/>\n<a href=\"https:\/\/meetings.informs.org\/wordpress\/wsc2017\/vendor-workshops\/\">Vendor Workshops<\/a><br \/>\n<a href=\"https:\/\/meetings.informs.org\/wordpress\/wsc2017\/sim-101-workshop\/\">SIM 101 Workshop<\/a><br \/>\n<a href=\"https:\/\/meetings.informs.org\/wordpress\/wsc2017\/data-farming-workshop\/\">Data Farming Workshop<\/a>[\/vc_column_text][\/vc_column][\/vc_row][vc_row][vc_column][vc_column_text]The PhD Colloquium, Poster Session, Vendor and Case Studies tracks provide background on established and new methods, tools and application domains.<\/p>\n<p>WSC 2017 continues to incorporate the MASM (Modeling and Analysis for Semiconductor Manufacturing) Conference, the leading modeling and analysis conference for global semiconductor manufacturing and supply chain operations.[\/vc_column_text][\/vc_column][\/vc_row][vc_row][vc_column width=&#8221;1\/4&#8243;][vc_single_image image=&#8221;4331&#8243; alignment=&#8221;center&#8221;][\/vc_column][vc_column width=&#8221;3\/4&#8243;][vc_column_text]Keynote Speaker:<br \/>\n<b>Barry L Nelson<\/b><\/p>\n<p>Walter P Murphy Professor<br \/>\nDepartment of Industrial Engineering &amp; Management Sciences<br \/>\nNorthwestern University[\/vc_column_text][\/vc_column][\/vc_row][vc_row][vc_column width=&#8221;1\/4&#8243;][vc_single_image image=&#8221;4334&#8243; alignment=&#8221;center&#8221;][\/vc_column][vc_column width=&#8221;3\/4&#8243;][vc_column_text]Titan of Simulation:<br \/>\n<b>Robert G. Sargent<\/b><\/p>\n<p>Professor Emeritus<br \/>\nSyracuse University[\/vc_column_text][\/vc_column][\/vc_row][vc_row][vc_column width=&#8221;1\/4&#8243;][vc_single_image image=&#8221;4332&#8243; alignment=&#8221;center&#8221;][\/vc_column][vc_column width=&#8221;3\/4&#8243;][vc_column_text]Titan of Simulation:<br \/>\n<b>Bernard P. Zeigler<\/b><\/p>\n<p>Professor Emeritus<br \/>\nDept. of Electrical and Computer Engineering<br \/>\nUniversity of Arizona[\/vc_column_text][\/vc_column][\/vc_row][vc_row][vc_column][vc_column_text]In addition, MASM Keynote will be St\u00e9phane Dauz\u00e8re-P\u00e9r\u00e8s\u00a0and the Military Track will feature Military Keynote Douglas Hodson.[\/vc_column_text][\/vc_column][\/vc_row]<\/p>\n","protected":false},"excerpt":{"rendered":"<p>[vc_row][vc_column width=&#8221;5\/6&#8243;][vc_column_text]WSC 2017 features a comprehensive program ranging from introductory tutorials to state-of-the-art research and practice. Planned tracks are:[\/vc_column_text][vc_row_inner][vc_column_inner width=&#8221;1\/2&#8243;][vc_column_text] Advanced Tutorials Agent-Based Simulation Analysis Methodology Architecture\u00a0and Construction Aviation Modeling\u00a0and Analysis Case Studies Cyber-Physical Systems Environment and Sustainability Applications Future of Simulation Gaming Healthcare Applications History of Simulation Hybrid Simulation Introductory Tutorials [\/vc_column_text][\/vc_column_inner][vc_column_inner width=&#8221;1\/2&#8243;][vc_column_text] Manufacturing [&hellip;]<\/p>\n","protected":false},"author":1001077,"featured_media":0,"parent":0,"menu_order":0,"comment_status":"closed","ping_status":"closed","template":"","meta":{"_acf_changed":false,"content-type":"","footnotes":""},"class_list":["post-4329","page","type-page","status-publish","hentry","has-post-title","has-post-date","has-post-category","has-post-tag","has-post-comment","has-post-author",""],"acf":[],"yoast_head":"<!-- This site is optimized with the Yoast SEO Premium plugin v26.0 (Yoast SEO v26.0) - https:\/\/yoast.com\/wordpress\/plugins\/seo\/ -->\n<title>Program - Winter Simulation Conference 2017<\/title>\n<meta name=\"robots\" content=\"index, follow, max-snippet:-1, max-image-preview:large, max-video-preview:-1\" \/>\n<link rel=\"canonical\" href=\"https:\/\/meetings.informs.org\/wordpress\/wsc2017\/program\/\" \/>\n<meta property=\"og:locale\" content=\"en_US\" \/>\n<meta property=\"og:type\" content=\"article\" \/>\n<meta property=\"og:title\" content=\"Program\" \/>\n<meta property=\"og:description\" content=\"[vc_row][vc_column width=&#8221;5\/6&#8243;][vc_column_text]WSC 2017 features a comprehensive program ranging from introductory tutorials to state-of-the-art research and practice. Planned tracks are:[\/vc_column_text][vc_row_inner][vc_column_inner width=&#8221;1\/2&#8243;][vc_column_text] Advanced Tutorials Agent-Based Simulation Analysis Methodology Architecture\u00a0and Construction Aviation Modeling\u00a0and Analysis Case Studies Cyber-Physical Systems Environment and Sustainability Applications Future of Simulation Gaming Healthcare Applications History of Simulation Hybrid Simulation Introductory Tutorials [\/vc_column_text][\/vc_column_inner][vc_column_inner width=&#8221;1\/2&#8243;][vc_column_text] Manufacturing [&hellip;]\" \/>\n<meta property=\"og:url\" content=\"https:\/\/meetings.informs.org\/wordpress\/wsc2017\/program\/\" \/>\n<meta property=\"og:site_name\" content=\"Winter Simulation Conference 2017\" \/>\n<meta property=\"article:modified_time\" content=\"2017-04-13T18:53:25+00:00\" \/>\n<meta name=\"twitter:card\" content=\"summary_large_image\" \/>\n<meta name=\"twitter:label1\" content=\"Est. reading time\" \/>\n\t<meta name=\"twitter:data1\" content=\"2 minutes\" \/>\n<script type=\"application\/ld+json\" class=\"yoast-schema-graph\">{\"@context\":\"https:\/\/schema.org\",\"@graph\":[{\"@type\":\"WebPage\",\"@id\":\"https:\/\/meetings.informs.org\/wordpress\/wsc2017\/program\/\",\"url\":\"https:\/\/meetings.informs.org\/wordpress\/wsc2017\/program\/\",\"name\":\"Program - Winter Simulation Conference 2017\",\"isPartOf\":{\"@id\":\"https:\/\/meetings.informs.org\/wordpress\/wsc2017\/#website\"},\"datePublished\":\"2016-12-29T15:11:41+00:00\",\"dateModified\":\"2017-04-13T18:53:25+00:00\",\"breadcrumb\":{\"@id\":\"https:\/\/meetings.informs.org\/wordpress\/wsc2017\/program\/#breadcrumb\"},\"inLanguage\":\"en-US\",\"potentialAction\":[{\"@type\":\"ReadAction\",\"target\":[\"https:\/\/meetings.informs.org\/wordpress\/wsc2017\/program\/\"]}]},{\"@type\":\"BreadcrumbList\",\"@id\":\"https:\/\/meetings.informs.org\/wordpress\/wsc2017\/program\/#breadcrumb\",\"itemListElement\":[{\"@type\":\"ListItem\",\"position\":1,\"name\":\"Home\",\"item\":\"https:\/\/meetings.informs.org\/wordpress\/wsc2017\/\"},{\"@type\":\"ListItem\",\"position\":2,\"name\":\"Program\"}]},{\"@type\":\"WebSite\",\"@id\":\"https:\/\/meetings.informs.org\/wordpress\/wsc2017\/#website\",\"url\":\"https:\/\/meetings.informs.org\/wordpress\/wsc2017\/\",\"name\":\"Winter Simulation Conference 2017\",\"description\":\"WINTER SIMULATION CONFERENCE 2017\",\"potentialAction\":[{\"@type\":\"SearchAction\",\"target\":{\"@type\":\"EntryPoint\",\"urlTemplate\":\"https:\/\/meetings.informs.org\/wordpress\/wsc2017\/?s={search_term_string}\"},\"query-input\":{\"@type\":\"PropertyValueSpecification\",\"valueRequired\":true,\"valueName\":\"search_term_string\"}}],\"inLanguage\":\"en-US\"}]}<\/script>\n<!-- \/ Yoast SEO Premium plugin. -->","yoast_head_json":{"title":"Program - Winter Simulation Conference 2017","robots":{"index":"index","follow":"follow","max-snippet":"max-snippet:-1","max-image-preview":"max-image-preview:large","max-video-preview":"max-video-preview:-1"},"canonical":"https:\/\/meetings.informs.org\/wordpress\/wsc2017\/program\/","og_locale":"en_US","og_type":"article","og_title":"Program","og_description":"[vc_row][vc_column width=&#8221;5\/6&#8243;][vc_column_text]WSC 2017 features a comprehensive program ranging from introductory tutorials to state-of-the-art research and practice. Planned tracks are:[\/vc_column_text][vc_row_inner][vc_column_inner width=&#8221;1\/2&#8243;][vc_column_text] Advanced Tutorials Agent-Based Simulation Analysis Methodology Architecture\u00a0and Construction Aviation Modeling\u00a0and Analysis Case Studies Cyber-Physical Systems Environment and Sustainability Applications Future of Simulation Gaming Healthcare Applications History of Simulation Hybrid Simulation Introductory Tutorials [\/vc_column_text][\/vc_column_inner][vc_column_inner width=&#8221;1\/2&#8243;][vc_column_text] Manufacturing [&hellip;]","og_url":"https:\/\/meetings.informs.org\/wordpress\/wsc2017\/program\/","og_site_name":"Winter Simulation Conference 2017","article_modified_time":"2017-04-13T18:53:25+00:00","twitter_card":"summary_large_image","twitter_misc":{"Est. reading time":"2 minutes"},"schema":{"@context":"https:\/\/schema.org","@graph":[{"@type":"WebPage","@id":"https:\/\/meetings.informs.org\/wordpress\/wsc2017\/program\/","url":"https:\/\/meetings.informs.org\/wordpress\/wsc2017\/program\/","name":"Program - Winter Simulation Conference 2017","isPartOf":{"@id":"https:\/\/meetings.informs.org\/wordpress\/wsc2017\/#website"},"datePublished":"2016-12-29T15:11:41+00:00","dateModified":"2017-04-13T18:53:25+00:00","breadcrumb":{"@id":"https:\/\/meetings.informs.org\/wordpress\/wsc2017\/program\/#breadcrumb"},"inLanguage":"en-US","potentialAction":[{"@type":"ReadAction","target":["https:\/\/meetings.informs.org\/wordpress\/wsc2017\/program\/"]}]},{"@type":"BreadcrumbList","@id":"https:\/\/meetings.informs.org\/wordpress\/wsc2017\/program\/#breadcrumb","itemListElement":[{"@type":"ListItem","position":1,"name":"Home","item":"https:\/\/meetings.informs.org\/wordpress\/wsc2017\/"},{"@type":"ListItem","position":2,"name":"Program"}]},{"@type":"WebSite","@id":"https:\/\/meetings.informs.org\/wordpress\/wsc2017\/#website","url":"https:\/\/meetings.informs.org\/wordpress\/wsc2017\/","name":"Winter Simulation Conference 2017","description":"WINTER SIMULATION CONFERENCE 2017","potentialAction":[{"@type":"SearchAction","target":{"@type":"EntryPoint","urlTemplate":"https:\/\/meetings.informs.org\/wordpress\/wsc2017\/?s={search_term_string}"},"query-input":{"@type":"PropertyValueSpecification","valueRequired":true,"valueName":"search_term_string"}}],"inLanguage":"en-US"}]}},"builder_content":"","_links":{"self":[{"href":"https:\/\/meetings.informs.org\/wordpress\/wsc2017\/wp-json\/wp\/v2\/pages\/4329","targetHints":{"allow":["GET"]}}],"collection":[{"href":"https:\/\/meetings.informs.org\/wordpress\/wsc2017\/wp-json\/wp\/v2\/pages"}],"about":[{"href":"https:\/\/meetings.informs.org\/wordpress\/wsc2017\/wp-json\/wp\/v2\/types\/page"}],"author":[{"embeddable":true,"href":"https:\/\/meetings.informs.org\/wordpress\/wsc2017\/wp-json\/wp\/v2\/users\/1001077"}],"replies":[{"embeddable":true,"href":"https:\/\/meetings.informs.org\/wordpress\/wsc2017\/wp-json\/wp\/v2\/comments?post=4329"}],"version-history":[{"count":7,"href":"https:\/\/meetings.informs.org\/wordpress\/wsc2017\/wp-json\/wp\/v2\/pages\/4329\/revisions"}],"predecessor-version":[{"id":4600,"href":"https:\/\/meetings.informs.org\/wordpress\/wsc2017\/wp-json\/wp\/v2\/pages\/4329\/revisions\/4600"}],"wp:attachment":[{"href":"https:\/\/meetings.informs.org\/wordpress\/wsc2017\/wp-json\/wp\/v2\/media?parent=4329"}],"curies":[{"name":"wp","href":"https:\/\/api.w.org\/{rel}","templated":true}]}}