{"id":4362,"date":"2016-12-29T19:25:44","date_gmt":"2016-12-29T19:25:44","guid":{"rendered":"https:\/\/meetings.informs.org\/wordpress\/meetings2-2\/?page_id=4362"},"modified":"2016-12-29T19:25:44","modified_gmt":"2016-12-29T19:25:44","slug":"organizing-committee","status":"publish","type":"page","link":"https:\/\/meetings.informs.org\/wordpress\/wsc2018\/organizing-committee\/","title":{"rendered":"Organizing Committee"},"content":{"rendered":"<!--themify_builder_content-->\n<div id=\"themify_builder_content-4362\" data-postid=\"4362\" class=\"themify_builder_content themify_builder_content-4362 themify_builder tf_clear\">\n                    <div  data-lazy=\"1\" class=\"module_row themify_builder_row tb_55tq964 tb_first tf_w\">\n                        <div class=\"row_inner col_align_top tb_col_count_1 tf_box tf_rel\">\n                        <div  data-lazy=\"1\" class=\"module_column tb-column col-full  tb_1wyc644 first\">\n                    <!-- module text -->\n<div  class=\"module module-text tb_8lwc833   \" data-lazy=\"1\">\n        <div  class=\"tb_text_wrap\">\n        <table width=\\\"100%\\\">\n<tbody>\n<tr>\n<td width=\\\"25%\\\"><b>General Chair<\/b><\/td>\n<td width=\\\"75%\\\">Bj\u00f6rn Johansson, Chalmers University of Technology<\/td>\n<\/tr>\n<tr>\n<td><b>Program Chair<\/b><\/td>\n<td>Sanjay Jain, George Washington University<\/td>\n<\/tr>\n<tr>\n<td><b>Business Chair<\/b><\/td>\n<td>Oliver Rose, Universit\u00e4t der Bundeswehr M\u00fcnchen<\/td>\n<\/tr>\n<tr>\n<td><b>Board Liaison<\/b><\/td>\n<td>Adelinde Uhrmacher, University of Rostock<\/td>\n<\/tr>\n<\/tbody>\n<\/table>\n    <\/div>\n<\/div>\n<!-- \/module text -->        <\/div>\n                        <\/div>\n        <\/div>\n                        <div  data-lazy=\"1\" class=\"module_row themify_builder_row tb_i34d414 tf_w\">\n                        <div class=\"row_inner col_align_top tb_col_count_1 tf_box tf_rel\">\n                        <div  data-lazy=\"1\" class=\"module_column tb-column col-full  tb_ftw6610 first\">\n                            <div  data-lazy=\"1\" class=\"module_subrow themify_builder_sub_row tf_w col_align_top tb_col_count_2 tb_d22b496\">\n                <div  data-lazy=\"1\" class=\"module_column sub_column col4-2  tb_17w9094 first\">\n                    <!-- module text -->\n<div  class=\"module module-text tb_q4xv916   \" data-lazy=\"1\">\n        <div  class=\"tb_text_wrap\">\n        <p><strong>Proceedings Editors<\/strong><\/p><table width=\\\"100%\\\"><tbody><tr><td width=\\\"10%\\\">\u00a0<\/td><td width=\\\"90%\\\">Markus Rabe, Technical University of Dortmund<\/td><\/tr><tr><td width=\\\"10%\\\">\u00a0<\/td><td width=\\\"90%\\\">Anders Skoogh, Chalmers University of Technology<\/td><\/tr><tr><td width=\\\"10%\\\">\u00a0<\/td><td width=\\\"90%\\\">Navonil Mustafee, University of Exeter<\/td><\/tr><tr><td width=\\\"10%\\\">\u00a0<\/td><td width=\\\"90%\\\">Angel A. Juan,\u00a0Open University of Catalonia<\/td><\/tr><\/tbody><\/table><p>\u00a0<\/p>    <\/div>\n<\/div>\n<!-- \/module text -->        <\/div>\n                    <div  data-lazy=\"1\" class=\"module_column sub_column col4-2  tb_uvs6070 last\">\n                    <!-- module text -->\n<div  class=\"module module-text tb_6xx9994   \" data-lazy=\"1\">\n        <div  class=\"tb_text_wrap\">\n        <p><strong>Publicity Chairs<\/strong><\/p>\n<table width=\\\"100%\\\">\n<tbody>\n<tr>\n<td width=\\\"10%\\\"><\/td>\n<td width=\\\"90%\\\">Simon Taylor, Brunel University London<\/td>\n<\/tr>\n<tr>\n<td width=\\\"10%\\\"><\/td>\n<td width=\\\"90%\\\">Jesus Jiminez, Texas State University<\/td>\n<\/tr>\n<tr>\n<td width=\\\"10%\\\"><\/td>\n<td width=\\\"90%\\\">Alejandro Jose Caceres Berbetty, Honduras<\/td>\n<\/tr>\n<tr>\n<td width=\\\"10%\\\"><\/td>\n<td width=\\\"90%\\\">Loo Hay Lee, National University of Singapore<\/td>\n<\/tr>\n<\/tbody>\n<\/table>\n    <\/div>\n<\/div>\n<!-- \/module text -->        <\/div>\n                    <\/div>\n                <\/div>\n                        <\/div>\n        <\/div>\n                        <div  data-lazy=\"1\" class=\"module_row themify_builder_row tb_s5gk001 tf_w\">\n                        <div class=\"row_inner col_align_top tb_col_count_1 tf_box tf_rel\">\n                        <div  data-lazy=\"1\" class=\"module_column tb-column col-full  tb_ukna447 first\">\n                            <div  data-lazy=\"1\" class=\"module_subrow themify_builder_sub_row tf_w col_align_top tb_col_count_3 tb_6f53000\">\n                <div  data-lazy=\"1\" class=\"module_column sub_column col3-1  tb_i951044 first\">\n                    <!-- module text -->\n<div  class=\"module module-text tb_y5li662   \" data-lazy=\"1\">\n        <div  class=\"tb_text_wrap\">\n        <p><strong>Exhibits Chair<\/strong><br \/>Joe Hugan, Forward Vision, LLC<br \/>Camilla Lundgren, Chalmers University of Technology<\/p>    <\/div>\n<\/div>\n<!-- \/module text -->        <\/div>\n                    <div  data-lazy=\"1\" class=\"module_column sub_column col3-1 tb_j051440\">\n                    <!-- module text -->\n<div  class=\"module module-text tb_9y25055   \" data-lazy=\"1\">\n        <div  class=\"tb_text_wrap\">\n        <p><strong>Registration Chair<\/strong><br \/>Jonatan Berglund, Chalmers University of Technology<\/p>    <\/div>\n<\/div>\n<!-- \/module text -->        <\/div>\n                    <div  data-lazy=\"1\" class=\"module_column sub_column col3-1  tb_wht4603 last\">\n                    <!-- module text -->\n<div  class=\"module module-text tb_bqxz200   \" data-lazy=\"1\">\n        <div  class=\"tb_text_wrap\">\n        <p><strong>Sponsorship Chairs<\/strong><br \/>\nRenee Thiesing, Simio<br \/>\nKarthik Vasudevan, Amazon<\/p>\n    <\/div>\n<\/div>\n<!-- \/module text -->        <\/div>\n                    <\/div>\n                <div  data-lazy=\"1\" class=\"module_subrow themify_builder_sub_row tf_w col_align_top tb_col_count_3 tb_rxh0243\">\n                <div  data-lazy=\"1\" class=\"module_column sub_column col3-1  tb_pdmo062 first\">\n                    <!-- module text -->\n<div  class=\"module module-text tb_v39i444   \" data-lazy=\"1\">\n        <div  class=\"tb_text_wrap\">\n            <\/div>\n<\/div>\n<!-- \/module text -->        <\/div>\n                    <div  data-lazy=\"1\" class=\"module_column sub_column col3-1 tb_i8zk024\">\n                    <!-- module text -->\n<div  class=\"module module-text tb_1l8i060   \" data-lazy=\"1\">\n        <div  class=\"tb_text_wrap\">\n        <p><strong>WSC Mobile App Liaison<\/strong><br \/>Michael Kuhl, Rochester Institute of Technology<\/p>    <\/div>\n<\/div>\n<!-- \/module text -->        <\/div>\n                    <div  data-lazy=\"1\" class=\"module_column sub_column col3-1  tb_mir1206 last\">\n                    <!-- module text -->\n<div  class=\"module module-text tb_e9p0000   \" data-lazy=\"1\">\n        <div  class=\"tb_text_wrap\">\n            <\/div>\n<\/div>\n<!-- \/module text -->        <\/div>\n                    <\/div>\n                <\/div>\n                        <\/div>\n        <\/div>\n                        <div  data-lazy=\"1\" class=\"module_row themify_builder_row tb_48cc002 tf_w\">\n                        <div class=\"row_inner col_align_top tb_col_count_1 tf_box tf_rel\">\n                        <div  data-lazy=\"1\" class=\"module_column tb-column col-full  tb_mene022 first\">\n                    <!-- module text -->\n<div  class=\"module module-text tb_dxxh340   \" data-lazy=\"1\">\n        <div  class=\"tb_text_wrap\">\n        <h1>Tracks (and Track coordinators)<\/h1>    <\/div>\n<\/div>\n<!-- \/module text -->        <div  data-lazy=\"1\" class=\"module_subrow themify_builder_sub_row tf_w col_align_top tb_col_count_2 tb_qs7l000\">\n                <div  data-lazy=\"1\" class=\"module_column sub_column col4-2  tb_o100040 first\">\n                    <!-- module text -->\n<div  class=\"module module-text tb_lqhz090   \" data-lazy=\"1\">\n        <div  class=\"tb_text_wrap\">\n        <p><strong>Advanced Tutorials<\/strong><br \/>Adelinde Uhrmacher University of Rostock<br \/>Susan Sanchez, U.S. Naval Postgraduate School<\/p><p><strong>Agent-Based Simulation<\/strong><br \/>Bhakti Stephan Onggo, Trinity College Dublin<br \/>Victor Chan, Tsinghua University<\/p><p><strong>Analysis Methodology<\/strong><br \/>Marko Hofmann, University of the German Armed Forces<br \/>Wei Xie, Rensselaer Polytechnic Institute<\/p><p><strong>Aviation Modeling and Analysis<\/strong><br \/>Miguel Mujica Mota, HVA \u2013 Amsterdam University of Applied Sciences (NL)<\/p><p><strong>Case Studies<\/strong><br \/>Sven Spieckermann, SimPlan AG<br \/>Jos\u00e9 Arnaldo B. Montevechi, Universidade Federal de Itajub\u00e1 (UNIFEI)<\/p><p><strong>Complex, Intelligent, Adaptive and Autonomous Systems (CIAAS)<\/strong><br \/>Saurabh Mittal, MITRE Corporation<br \/>Jose L. Risco Martin, Complutense University of Madrid, Spain<br \/>Marco Lutzenberger,\u00a0DAI-Lab, TU Berlin, Germany<br \/>Claudia Szabo, University of Adelaide, Australia<\/p><p><strong>Cyber-Physical Systems<\/strong><br \/>Teresa Higuera-Toledano, Complutense University of Madrid (SP)<br \/>Nikos Arechiga, Toyota Research Institute<br \/>Gabor Karsai, Vanderbilt University<\/p><p><strong>Environment and Sustainability Applications<\/strong><br \/>Sigr\u00ed\u00f0ur Sigur\u00f0ard\u00f3ttir, Arion Bank<br \/>Jonathan Gilligan, Vanderbilt University<\/p><p><strong>Gaming<\/strong><br \/>Sebastiaan Arno Meijer, KTH Royal Institute of Technology<\/p><p><strong>Healthcare Applications<\/strong><br \/>Xiaolan Xie, Ecole Nationale Sup\u00e9rieure des Mines de Saint-Etienne<br \/>Maria Mayorga, NC State University<\/p><p><strong>Homeland Security Enterprise<\/strong><br \/>Jalal Mapar, U.S. Department of Homeland Security<br \/>Fredrik Bynander, Swedish Defense University<\/p><p><strong>Hybrid Simulation<\/strong><br \/>Navonil Mustafee, Exeter University<br \/>Tillal Eldabi, Brunel University<br \/>Anatoli Djanatliev, University of Erlangen-Nuremberg.<\/p><p><strong>Introductory Tutorials<\/strong><br \/>Anastasia Anagnostou, Brunel\u00a0University London<br \/>Jeff Joines, North Carolina State University<\/p><p><strong>Logistics,\u00a0Supply Chain Management,\u00a0Transportation<\/strong><br \/>Markus Rabe, Technical University of Dortmund<br \/>David Goldsman, Georgia Institute of Technology<\/p><p>\u00a0<\/p>    <\/div>\n<\/div>\n<!-- \/module text -->        <\/div>\n                    <div  data-lazy=\"1\" class=\"module_column sub_column col4-2  tb_yn72400 last\">\n                    <!-- module text -->\n<div  class=\"module module-text tb_yx8f601   \" data-lazy=\"1\">\n        <div  class=\"tb_text_wrap\">\n        <p><strong>Manufacturing Applications<\/strong><br \/>Christoph Laroque, WH Zwickau<br \/>Leon McGinnis, Georgia Institute of Technology<\/p><p><strong>Military Applications<br \/><\/strong>Robert Siegfried, aditerna GmbH<br \/>Mariusz A. Balaban, US Army<\/p><p><strong>Modeling and Analysis of Semiconductor Manufacturing (MASM)<\/strong><br \/>John W. Fowler, Arizona State University<br \/>Cathal Heavey, University of Limerick<br \/>Jei-Zheng Wu, Soochow University, Taiwan<\/p><p><strong>Modeling Methodology<\/strong><br \/>Andreas Tolk, MITRE Corporation<br \/>Andrea D\\&#8217;Ambrogio, University of Rome<\/p><p><strong>Networks and Communications<\/strong><br \/>Bruno Tuffin, INRIA<\/p><p><strong>PhD Colloquium<\/strong><br \/>Anastasia Anagnostou, Brunel University London<br \/>Emily Lada, SAS Institute<br \/>Weiwei Chen, Rutgers<br \/>Jose Padilla, ODU<\/p><p><strong>Poster<\/strong><br \/>Masoud Fakhimi, University of Surrey<br \/>Giulia Pedrielli, Arizona State University<\/p><p><strong>Project Management and Construction<\/strong><br \/>Markus K\u00f6nig, Ruhr University Bochum<\/p><p><strong>Simulation Education<\/strong><br \/>Saikou Diallo, Old Dominion University<br \/>Antuela Tako, Loughborough University<\/p><p><strong>Simulation Optimization<\/strong><br \/>Angel A. Juan, Open University of Catalonia<br \/>Jie Xu, George Mason University<\/p><p><strong>Simulation for a Noble Cause<\/strong><br \/>David Poza, University of Valladolid (SP)<br \/>George Miller, MOSIMTEC LLC<\/p><p><strong>Simulation Standards and Reproducibility<\/strong><br \/>Simon J E Taylor, Brunel University London<br \/>Gordon Shao, U.S. National Institute of Standards and Technology<\/p><p><strong>Vendor<\/strong><br \/>Miguel Mujica Mota, HVA \u2013 Amsterdam University of Applied Sciences (NL)<br \/>Edward Williams, University of Michigan<\/p>    <\/div>\n<\/div>\n<!-- \/module text -->        <\/div>\n                    <\/div>\n                <\/div>\n                        <\/div>\n        <\/div>\n        <\/div>\n<!--\/themify_builder_content-->\n","protected":false},"excerpt":{"rendered":"<p>General Chair Bj\u00f6rn Johansson, Chalmers University of Technology Program Chair Sanjay Jain, George Washington University Business Chair Oliver Rose, Universit\u00e4t der Bundeswehr M\u00fcnchen Board Liaison Adelinde Uhrmacher, University of Rostock<\/p>\n","protected":false},"author":1001077,"featured_media":0,"parent":0,"menu_order":0,"comment_status":"closed","ping_status":"closed","template":"","meta":{"_acf_changed":false,"content-type":"","footnotes":""},"class_list":["post-4362","page","type-page","status-publish","hentry","has-post-title","has-post-date","has-post-category","has-post-tag","has-post-comment","has-post-author",""],"acf":[],"yoast_head":"<!-- This site is optimized with the Yoast SEO Premium plugin v26.0 (Yoast SEO v26.0) - https:\/\/yoast.com\/wordpress\/plugins\/seo\/ -->\n<title>Organizing Committee - Winter Simulation Conference 2018<\/title>\n<meta name=\"robots\" content=\"index, follow, max-snippet:-1, max-image-preview:large, max-video-preview:-1\" \/>\n<link rel=\"canonical\" href=\"https:\/\/meetings.informs.org\/wordpress\/wsc2018\/organizing-committee\/\" \/>\n<meta property=\"og:locale\" content=\"en_US\" \/>\n<meta property=\"og:type\" content=\"article\" \/>\n<meta property=\"og:title\" content=\"Organizing Committee\" \/>\n<meta property=\"og:description\" content=\"General Chair Bj\u00f6rn Johansson, Chalmers University of Technology Program Chair Sanjay Jain, George Washington University Business Chair Oliver Rose, Universit\u00e4t der Bundeswehr M\u00fcnchen Board Liaison Adelinde Uhrmacher, University of Rostock\" \/>\n<meta property=\"og:url\" content=\"https:\/\/meetings.informs.org\/wordpress\/wsc2018\/organizing-committee\/\" \/>\n<meta property=\"og:site_name\" content=\"Winter Simulation Conference 2018\" \/>\n<meta name=\"twitter:card\" content=\"summary_large_image\" \/>\n<script type=\"application\/ld+json\" class=\"yoast-schema-graph\">{\"@context\":\"https:\/\/schema.org\",\"@graph\":[{\"@type\":\"WebPage\",\"@id\":\"https:\/\/meetings.informs.org\/wordpress\/wsc2018\/organizing-committee\/\",\"url\":\"https:\/\/meetings.informs.org\/wordpress\/wsc2018\/organizing-committee\/\",\"name\":\"Organizing Committee - Winter Simulation Conference 2018\",\"isPartOf\":{\"@id\":\"https:\/\/meetings.informs.org\/wordpress\/wsc2018\/#website\"},\"datePublished\":\"2016-12-29T19:25:44+00:00\",\"breadcrumb\":{\"@id\":\"https:\/\/meetings.informs.org\/wordpress\/wsc2018\/organizing-committee\/#breadcrumb\"},\"inLanguage\":\"en-US\",\"potentialAction\":[{\"@type\":\"ReadAction\",\"target\":[\"https:\/\/meetings.informs.org\/wordpress\/wsc2018\/organizing-committee\/\"]}]},{\"@type\":\"BreadcrumbList\",\"@id\":\"https:\/\/meetings.informs.org\/wordpress\/wsc2018\/organizing-committee\/#breadcrumb\",\"itemListElement\":[{\"@type\":\"ListItem\",\"position\":1,\"name\":\"Home\",\"item\":\"https:\/\/meetings.informs.org\/wordpress\/wsc2018\/\"},{\"@type\":\"ListItem\",\"position\":2,\"name\":\"Organizing Committee\"}]},{\"@type\":\"WebSite\",\"@id\":\"https:\/\/meetings.informs.org\/wordpress\/wsc2018\/#website\",\"url\":\"https:\/\/meetings.informs.org\/wordpress\/wsc2018\/\",\"name\":\"Winter Simulation Conference 2018\",\"description\":\"WINTER SIMULATION CONFERENCE 2018\",\"potentialAction\":[{\"@type\":\"SearchAction\",\"target\":{\"@type\":\"EntryPoint\",\"urlTemplate\":\"https:\/\/meetings.informs.org\/wordpress\/wsc2018\/?s={search_term_string}\"},\"query-input\":{\"@type\":\"PropertyValueSpecification\",\"valueRequired\":true,\"valueName\":\"search_term_string\"}}],\"inLanguage\":\"en-US\"}]}<\/script>\n<!-- \/ Yoast SEO Premium plugin. -->","yoast_head_json":{"title":"Organizing Committee - Winter Simulation Conference 2018","robots":{"index":"index","follow":"follow","max-snippet":"max-snippet:-1","max-image-preview":"max-image-preview:large","max-video-preview":"max-video-preview:-1"},"canonical":"https:\/\/meetings.informs.org\/wordpress\/wsc2018\/organizing-committee\/","og_locale":"en_US","og_type":"article","og_title":"Organizing Committee","og_description":"General Chair Bj\u00f6rn Johansson, Chalmers University of Technology Program Chair Sanjay Jain, George Washington University Business Chair Oliver Rose, Universit\u00e4t der Bundeswehr M\u00fcnchen Board Liaison Adelinde Uhrmacher, University of Rostock","og_url":"https:\/\/meetings.informs.org\/wordpress\/wsc2018\/organizing-committee\/","og_site_name":"Winter Simulation Conference 2018","twitter_card":"summary_large_image","schema":{"@context":"https:\/\/schema.org","@graph":[{"@type":"WebPage","@id":"https:\/\/meetings.informs.org\/wordpress\/wsc2018\/organizing-committee\/","url":"https:\/\/meetings.informs.org\/wordpress\/wsc2018\/organizing-committee\/","name":"Organizing Committee - Winter Simulation Conference 2018","isPartOf":{"@id":"https:\/\/meetings.informs.org\/wordpress\/wsc2018\/#website"},"datePublished":"2016-12-29T19:25:44+00:00","breadcrumb":{"@id":"https:\/\/meetings.informs.org\/wordpress\/wsc2018\/organizing-committee\/#breadcrumb"},"inLanguage":"en-US","potentialAction":[{"@type":"ReadAction","target":["https:\/\/meetings.informs.org\/wordpress\/wsc2018\/organizing-committee\/"]}]},{"@type":"BreadcrumbList","@id":"https:\/\/meetings.informs.org\/wordpress\/wsc2018\/organizing-committee\/#breadcrumb","itemListElement":[{"@type":"ListItem","position":1,"name":"Home","item":"https:\/\/meetings.informs.org\/wordpress\/wsc2018\/"},{"@type":"ListItem","position":2,"name":"Organizing Committee"}]},{"@type":"WebSite","@id":"https:\/\/meetings.informs.org\/wordpress\/wsc2018\/#website","url":"https:\/\/meetings.informs.org\/wordpress\/wsc2018\/","name":"Winter Simulation Conference 2018","description":"WINTER SIMULATION CONFERENCE 2018","potentialAction":[{"@type":"SearchAction","target":{"@type":"EntryPoint","urlTemplate":"https:\/\/meetings.informs.org\/wordpress\/wsc2018\/?s={search_term_string}"},"query-input":{"@type":"PropertyValueSpecification","valueRequired":true,"valueName":"search_term_string"}}],"inLanguage":"en-US"}]}},"builder_content":"<table width=\\\"100%\\\"> <tbody> <tr> <td width=\\\"25%\\\"><b>General Chair<\/b><\/td> <td width=\\\"75%\\\">Bj\u00f6rn Johansson, Chalmers University of Technology<\/td> <\/tr> <tr> <td><b>Program Chair<\/b><\/td> <td>Sanjay Jain, George Washington University<\/td> <\/tr> <tr> <td><b>Business Chair<\/b><\/td> <td>Oliver Rose, Universit\u00e4t der Bundeswehr M\u00fcnchen<\/td> <\/tr> <tr> <td><b>Board Liaison<\/b><\/td> <td>Adelinde Uhrmacher, University of Rostock<\/td> <\/tr> <\/tbody> <\/table>\n<p><strong>Proceedings Editors<\/strong><\/p><table width=\\\"100%\\\"><tbody><tr><td width=\\\"10%\\\">\u00a0<\/td><td width=\\\"90%\\\">Markus Rabe, Technical University of Dortmund<\/td><\/tr><tr><td width=\\\"10%\\\">\u00a0<\/td><td width=\\\"90%\\\">Anders Skoogh, Chalmers University of Technology<\/td><\/tr><tr><td width=\\\"10%\\\">\u00a0<\/td><td width=\\\"90%\\\">Navonil Mustafee, University of Exeter<\/td><\/tr><tr><td width=\\\"10%\\\">\u00a0<\/td><td width=\\\"90%\\\">Angel A. Juan,\u00a0Open University of Catalonia<\/td><\/tr><\/tbody><\/table><p>\u00a0<\/p>\n<p><strong>Publicity Chairs<\/strong><\/p> <table width=\\\"100%\\\"> <tbody> <tr> <td width=\\\"10%\\\"><\/td> <td width=\\\"90%\\\">Simon Taylor, Brunel University London<\/td> <\/tr> <tr> <td width=\\\"10%\\\"><\/td> <td width=\\\"90%\\\">Jesus Jiminez, Texas State University<\/td> <\/tr> <tr> <td width=\\\"10%\\\"><\/td> <td width=\\\"90%\\\">Alejandro Jose Caceres Berbetty, Honduras<\/td> <\/tr> <tr> <td width=\\\"10%\\\"><\/td> <td width=\\\"90%\\\">Loo Hay Lee, National University of Singapore<\/td> <\/tr> <\/tbody> <\/table>\n<p><strong>Exhibits Chair<\/strong><br \/>Joe Hugan, Forward Vision, LLC<br \/>Camilla Lundgren, Chalmers University of Technology<\/p>\n<p><strong>Registration Chair<\/strong><br \/>Jonatan Berglund, Chalmers University of Technology<\/p>\n<p><strong>Sponsorship Chairs<\/strong><br \/> Renee Thiesing, Simio<br \/> Karthik Vasudevan, Amazon<\/p>\n\n<p><strong>WSC Mobile App Liaison<\/strong><br \/>Michael Kuhl, Rochester Institute of Technology<\/p>\n\n<h1>Tracks (and Track coordinators)<\/h1>\n<p><strong>Advanced Tutorials<\/strong><br \/>Adelinde Uhrmacher University of Rostock<br \/>Susan Sanchez, U.S. Naval Postgraduate School<\/p><p><strong>Agent-Based Simulation<\/strong><br \/>Bhakti Stephan Onggo, Trinity College Dublin<br \/>Victor Chan, Tsinghua University<\/p><p><strong>Analysis Methodology<\/strong><br \/>Marko Hofmann, University of the German Armed Forces<br \/>Wei Xie, Rensselaer Polytechnic Institute<\/p><p><strong>Aviation Modeling and Analysis<\/strong><br \/>Miguel Mujica Mota, HVA \u2013 Amsterdam University of Applied Sciences (NL)<\/p><p><strong>Case Studies<\/strong><br \/>Sven Spieckermann, SimPlan AG<br \/>Jos\u00e9 Arnaldo B. Montevechi, Universidade Federal de Itajub\u00e1 (UNIFEI)<\/p><p><strong>Complex, Intelligent, Adaptive and Autonomous Systems (CIAAS)<\/strong><br \/>Saurabh Mittal, MITRE Corporation<br \/>Jose L. Risco Martin, Complutense University of Madrid, Spain<br \/>Marco Lutzenberger,\u00a0DAI-Lab, TU Berlin, Germany<br \/>Claudia Szabo, University of Adelaide, Australia<\/p><p><strong>Cyber-Physical Systems<\/strong><br \/>Teresa Higuera-Toledano, Complutense University of Madrid (SP)<br \/>Nikos Arechiga, Toyota Research Institute<br \/>Gabor Karsai, Vanderbilt University<\/p><p><strong>Environment and Sustainability Applications<\/strong><br \/>Sigr\u00ed\u00f0ur Sigur\u00f0ard\u00f3ttir, Arion Bank<br \/>Jonathan Gilligan, Vanderbilt University<\/p><p><strong>Gaming<\/strong><br \/>Sebastiaan Arno Meijer, KTH Royal Institute of Technology<\/p><p><strong>Healthcare Applications<\/strong><br \/>Xiaolan Xie, Ecole Nationale Sup\u00e9rieure des Mines de Saint-Etienne<br \/>Maria Mayorga, NC State University<\/p><p><strong>Homeland Security Enterprise<\/strong><br \/>Jalal Mapar, U.S. Department of Homeland Security<br \/>Fredrik Bynander, Swedish Defense University<\/p><p><strong>Hybrid Simulation<\/strong><br \/>Navonil Mustafee, Exeter University<br \/>Tillal Eldabi, Brunel University<br \/>Anatoli Djanatliev, University of Erlangen-Nuremberg.<\/p><p><strong>Introductory Tutorials<\/strong><br \/>Anastasia Anagnostou, Brunel\u00a0University London<br \/>Jeff Joines, North Carolina State University<\/p><p><strong>Logistics,\u00a0Supply Chain Management,\u00a0Transportation<\/strong><br \/>Markus Rabe, Technical University of Dortmund<br \/>David Goldsman, Georgia Institute of Technology<\/p><p>\u00a0<\/p>\n<p><strong>Manufacturing Applications<\/strong><br \/>Christoph Laroque, WH Zwickau<br \/>Leon McGinnis, Georgia Institute of Technology<\/p><p><strong>Military Applications<br \/><\/strong>Robert Siegfried, aditerna GmbH<br \/>Mariusz A. Balaban, US Army<\/p><p><strong>Modeling and Analysis of Semiconductor Manufacturing (MASM)<\/strong><br \/>John W. Fowler, Arizona State University<br \/>Cathal Heavey, University of Limerick<br \/>Jei-Zheng Wu, Soochow University, Taiwan<\/p><p><strong>Modeling Methodology<\/strong><br \/>Andreas Tolk, MITRE Corporation<br \/>Andrea D\\'Ambrogio, University of Rome<\/p><p><strong>Networks and Communications<\/strong><br \/>Bruno Tuffin, INRIA<\/p><p><strong>PhD Colloquium<\/strong><br \/>Anastasia Anagnostou, Brunel University London<br \/>Emily Lada, SAS Institute<br \/>Weiwei Chen, Rutgers<br \/>Jose Padilla, ODU<\/p><p><strong>Poster<\/strong><br \/>Masoud Fakhimi, University of Surrey<br \/>Giulia Pedrielli, Arizona State University<\/p><p><strong>Project Management and Construction<\/strong><br \/>Markus K\u00f6nig, Ruhr University Bochum<\/p><p><strong>Simulation Education<\/strong><br \/>Saikou Diallo, Old Dominion University<br \/>Antuela Tako, Loughborough University<\/p><p><strong>Simulation Optimization<\/strong><br \/>Angel A. Juan, Open University of Catalonia<br \/>Jie Xu, George Mason University<\/p><p><strong>Simulation for a Noble Cause<\/strong><br \/>David Poza, University of Valladolid (SP)<br \/>George Miller, MOSIMTEC LLC<\/p><p><strong>Simulation Standards and Reproducibility<\/strong><br \/>Simon J E Taylor, Brunel University London<br \/>Gordon Shao, U.S. National Institute of Standards and Technology<\/p><p><strong>Vendor<\/strong><br \/>Miguel Mujica Mota, HVA \u2013 Amsterdam University of Applied Sciences (NL)<br \/>Edward Williams, University of Michigan<\/p>","_links":{"self":[{"href":"https:\/\/meetings.informs.org\/wordpress\/wsc2018\/wp-json\/wp\/v2\/pages\/4362","targetHints":{"allow":["GET"]}}],"collection":[{"href":"https:\/\/meetings.informs.org\/wordpress\/wsc2018\/wp-json\/wp\/v2\/pages"}],"about":[{"href":"https:\/\/meetings.informs.org\/wordpress\/wsc2018\/wp-json\/wp\/v2\/types\/page"}],"author":[{"embeddable":true,"href":"https:\/\/meetings.informs.org\/wordpress\/wsc2018\/wp-json\/wp\/v2\/users\/1001077"}],"replies":[{"embeddable":true,"href":"https:\/\/meetings.informs.org\/wordpress\/wsc2018\/wp-json\/wp\/v2\/comments?post=4362"}],"version-history":[{"count":1,"href":"https:\/\/meetings.informs.org\/wordpress\/wsc2018\/wp-json\/wp\/v2\/pages\/4362\/revisions"}],"predecessor-version":[{"id":4363,"href":"https:\/\/meetings.informs.org\/wordpress\/wsc2018\/wp-json\/wp\/v2\/pages\/4362\/revisions\/4363"}],"wp:attachment":[{"href":"https:\/\/meetings.informs.org\/wordpress\/wsc2018\/wp-json\/wp\/v2\/media?parent=4362"}],"curies":[{"name":"wp","href":"https:\/\/api.w.org\/{rel}","templated":true}]}}