{"id":4423,"date":"2017-01-18T15:45:01","date_gmt":"2017-01-18T15:45:01","guid":{"rendered":"https:\/\/meetings.informs.org\/wordpress\/meetings2-2\/?page_id=4423"},"modified":"2018-02-23T21:18:17","modified_gmt":"2018-02-23T21:18:17","slug":"masm","status":"publish","type":"page","link":"https:\/\/meetings.informs.org\/wordpress\/wsc2018\/masm\/","title":{"rendered":"Modeling and Analysis of Semiconductor Manufacturing"},"content":{"rendered":"<p>[vc_row][vc_column][vc_column_text]<\/p>\n<h2 style=\"text-align: center\">14th International Conference on Modeling and Analysis of Semiconductor Manufacturing (MASM) 2018<\/h2>\n<h5 style=\"text-align: center\">Gothenburg, Sweden<br \/>\nDecember 9-12, 2018<\/h5>\n<h3 style=\"text-align: center\">MASM Keynote<\/h3>\n<h4 style=\"text-align: center\"><strong>Reflections on Reference Modeling, Simulation Testbeds, &amp; Reproducibility<\/strong><\/h4>\n<p style=\"text-align: center\"><img decoding=\"async\" class=\"alignnone size-full wp-image-4335\" src=\"https:\/\/meetings.informs.org\/wordpress\/wsc2018\/files\/2016\/12\/lMonch.png\" alt=\"Lars M\u00f6nch\" \/><br \/>\n<strong>Lars M\u00f6nch<\/strong><br \/>\nUniversity of Hagen<br \/>\nDepartment of Mathematics and Computer Science<br \/>\nHagen, Germany<\/p>\n<p>The 2018 International Conference on Modeling and Analysis of Semiconductor Manufacturing (MASM) aims to again be a <strong>forum for the exchange of ideas and industrial innovations between researchers and practitioners from around the world involved in modeling and analysis of complex high-tech manufacturing systems.<\/strong> We are convinced of the worth and importance of the continuation of the MASM events held in Tempe, Arizona in 2000 and 2002, Singapore in 2005, Miami, Florida in 2008, Austin, Texas in 2009, Baltimore, Maryland in 2010, Phoenix, Arizona in 2011, Berlin, Germany in 2012, Washington, DC in 2013, Savannah, Georgia in 2014, Huntington Beach, California in 2015, Washington, DC in 2016, and Las Vegas, Nevada in 2017.<\/p>\n<p><strong>The MASM 2018 conference will be fully contained within the Winter Simulation Conference 2018 (WSC 2018), the leading conference in discrete-event simulation. <\/strong><em>However, MASM 2018 covers a much wider range of techniques and approaches than simulation (e.g. optimization, scheduling, queueing theory, process control, data analysis).<\/em> WSC 2018 features a comprehensive program ranging from introductory tutorials to state-of-the-art research and practice. WSC 2018 will take place in Gothenberg, Sweden. All attendees of the MASM conference will register for WSC 2018 at the same cost. All participants of WSC 2018 can attend MASM 2018 sessions.<\/p>\n<p><strong>We are looking for high-quality academic and applied research at all levels of semiconductor manufacturing.<\/strong><\/p>\n<ul>\n<li>At the equipment and process level, we would like to cover various aspects of Equipment Maintenance and Productivity, Quality and Advanced Process Control (Statistical Process Control, Fault Detection and Classification, Run To Run, Virtual Metrology, \u2026), but also how to handle and exploit the huge amount of data generated in semiconductor factories (big data).<\/li>\n<li>At the shop-floor level, optimized WIP management, dispatching, scheduling and sampling of lots or qualification management of products on machines remain critical in particular when handling new complex constraints.<\/li>\n<li>At the factory level, it is important to develop efficient transportation and storage policies, production and capacity planning approaches, as well as cycle time improvements and time-to-market reductions.<\/li>\n<li>At the strategic level, demand planning, factory economics and cost modeling, new product introduction, and supply chain efficiency are important topics to support the business.<\/li>\n<\/ul>\n<p>We invite participants to present on all topics related to modeling and analysis that will help address these challenges. We also welcome contributions that integrate decisions or information at different decision levels, which is becoming a must. These various goals will be attained through new advanced control and statistical methods, computing techniques, and operations research methods. While the MASM conference is mostly focused on the current semiconductor industry state-of-the-art, neither presenters nor attendees need to be in the IC industry to participate. We are interested in methodologies, research and\/or applications from other related industries such as TFT-LCD, flexible displays, bio-chip, solid state lighting (LED), and photovoltaic (PV) that might also share or want to share common and new practices.<\/p>\n<p>The conference includes tutorials and related software demonstrations within the Winter Simulation Conference 2018. A broad range of papers is sought, including theoretical developments, applied research, and case studies. Interested individuals within academia, government agencies, equipment suppliers, manufacturers, students, contractors, and other interested parties are encouraged to participate.<\/p>\n<p>MASM will feature a keynote talk by Lars M\u00f6nch, Professor at the University of Hagen in Germany. Professor M\u00f6nch is active in applying operations tools and techniques in semiconductor manufacturing, both in academic research and by working with semiconductor companies.<\/p>\n<h4>Conference Organizers<\/h4>\n<p>John W. Fowler, Arizona State University, USA<br \/>\nCathal Heavey, University of Limerick, Ireland<br \/>\nJei-Zheng Wu, Soochow University, Taiwan<\/p>\n<h4>International Program Committee<\/h4>\n<p>Chen-Fu Chien, National Tsing-Hua University, Taiwan<br \/>\n<a href=\"mailto:dauzere-peres@emse.fr\">St\u00e9phane Dauz\u00e8re-P\u00e9r\u00e8s<\/a>, Ecole des Mines de Saint-Etienne, France<br \/>\nHans Ehm, Infineon, Germany<br \/>\nKen Fordyce, Arkieva, USA<br \/>\nJesus Jimenez, Texas State University, USA<br \/>\nMyoungsoo (Andy) Ham, Liberty University, USA<br \/>\nBaris Kacar, SAS, USA<br \/>\n<a href=\"mailto:adar.kalir@intel.com\">Adar Kalir<\/a>, Intel, Israel<br \/>\nAndreas Klemmt, Infineon, Germany<br \/>\nTae-Eog Lee, KAIST, Republic of Korea<br \/>\nPeter Lendermann, D-SIMLAB, Singapore<br \/>\nJohn Milne, Clarkson University, USA<br \/>\nLars M\u00f6nch, University\u00a0of Hagen<br \/>\nJames Morrison, KAIST, Republic of Korea<br \/>\nIrfan Ovacik, Intel, USA<br \/>\nDetlef Pabst, Global Foundries, USA<br \/>\nThomas Ponsignon, Infineon, Germany<br \/>\nOliver Rose, Universit\u00e4t der Bunderwehr M\u00fcnchen, Germany<br \/>\nMarcel Stehli, Global Foundries, Germany<br \/>\nIsrael Tirkel, Ben-Gurion University, Israel<br \/>\n<a href=\"mailto:ruzsoy@ncsu.edu\">Reha Uzsoy<\/a>, North Carolina State University, USA<br \/>\nGerald Weigert, Technische Universitat Dresden, Germany<br \/>\nKan Wu, Nanyang Technological University, Singapore<br \/>\nClaude Yugma, Ecole de Mines de Saint-Etienne, France<\/p>\n<h4>Paper Submission:<\/h4>\n<p>Please follow the WSC 2018 Author Kit to prepare your MASM 2018 paper at <a href=\"http:\/\/www.wintersim.org\">http:\/\/www.wintersim.org<\/a>.<\/p>\n<h4>Important Dates:<\/h4>\n<p>Deadline for Paper Submission: April 6, 2018<br \/>\nNotification of Acceptance: June 1, 2018<br \/>\nCamera Ready Paper due: July 15, 2018<\/p>\n<h4>Conference Location<\/h4>\n<p>MASM 2018 will be held at the Swedish Exhibition &amp; Congress Centre in Gothenburg, Sweden. Gothia Towers is the host hotel for WSC 2018. [\/vc_column_text][\/vc_column][\/vc_row]<\/p>\n","protected":false},"excerpt":{"rendered":"<p>[vc_row][vc_column][vc_column_text] 14th International Conference on Modeling and Analysis of Semiconductor Manufacturing (MASM) 2018 Gothenburg, Sweden December 9-12, 2018 MASM Keynote Reflections on Reference Modeling, Simulation Testbeds, &amp; Reproducibility Lars M\u00f6nch University of Hagen Department of Mathematics and Computer Science Hagen, Germany The 2018 International Conference on Modeling and Analysis of Semiconductor Manufacturing (MASM) aims to [&hellip;]<\/p>\n","protected":false},"author":1001065,"featured_media":0,"parent":0,"menu_order":0,"comment_status":"closed","ping_status":"closed","template":"","meta":{"_acf_changed":false,"content-type":"","footnotes":""},"class_list":["post-4423","page","type-page","status-publish","hentry","has-post-title","has-post-date","has-post-category","has-post-tag","has-post-comment","has-post-author",""],"acf":[],"yoast_head":"<!-- This site is optimized with the Yoast SEO Premium plugin v26.0 (Yoast SEO v26.0) - https:\/\/yoast.com\/wordpress\/plugins\/seo\/ -->\n<title>Modeling and Analysis of Semiconductor Manufacturing - Winter Simulation Conference 2018<\/title>\n<meta name=\"robots\" content=\"index, follow, max-snippet:-1, max-image-preview:large, max-video-preview:-1\" \/>\n<link rel=\"canonical\" href=\"https:\/\/meetings.informs.org\/wordpress\/wsc2018\/masm\/\" \/>\n<meta property=\"og:locale\" content=\"en_US\" \/>\n<meta property=\"og:type\" content=\"article\" \/>\n<meta property=\"og:title\" content=\"Modeling and Analysis of Semiconductor Manufacturing\" \/>\n<meta property=\"og:description\" content=\"[vc_row][vc_column][vc_column_text] 14th International Conference on Modeling and Analysis of Semiconductor Manufacturing (MASM) 2018 Gothenburg, Sweden December 9-12, 2018 MASM Keynote Reflections on Reference Modeling, Simulation Testbeds, &amp; Reproducibility Lars M\u00f6nch University of Hagen Department of Mathematics and Computer Science Hagen, Germany The 2018 International Conference on Modeling and Analysis of Semiconductor Manufacturing (MASM) aims to [&hellip;]\" \/>\n<meta property=\"og:url\" content=\"https:\/\/meetings.informs.org\/wordpress\/wsc2018\/masm\/\" \/>\n<meta property=\"og:site_name\" content=\"Winter Simulation Conference 2018\" \/>\n<meta property=\"article:modified_time\" content=\"2018-02-23T21:18:17+00:00\" \/>\n<meta property=\"og:image\" content=\"http:\/\/meetings2.informs.org\/wordpress\/wsc2018\/files\/2016\/12\/lMonch.png\" \/>\n<meta name=\"twitter:card\" content=\"summary_large_image\" \/>\n<meta name=\"twitter:label1\" content=\"Est. reading time\" \/>\n\t<meta name=\"twitter:data1\" content=\"4 minutes\" \/>\n<script type=\"application\/ld+json\" class=\"yoast-schema-graph\">{\"@context\":\"https:\/\/schema.org\",\"@graph\":[{\"@type\":\"WebPage\",\"@id\":\"https:\/\/meetings.informs.org\/wordpress\/wsc2018\/masm\/\",\"url\":\"https:\/\/meetings.informs.org\/wordpress\/wsc2018\/masm\/\",\"name\":\"Modeling and Analysis of Semiconductor Manufacturing - Winter Simulation Conference 2018\",\"isPartOf\":{\"@id\":\"https:\/\/meetings.informs.org\/wordpress\/wsc2018\/#website\"},\"primaryImageOfPage\":{\"@id\":\"https:\/\/meetings.informs.org\/wordpress\/wsc2018\/masm\/#primaryimage\"},\"image\":{\"@id\":\"https:\/\/meetings.informs.org\/wordpress\/wsc2018\/masm\/#primaryimage\"},\"thumbnailUrl\":\"https:\/\/meetings.informs.org\/wordpress\/wsc2018\/files\/2016\/12\/lMonch.png\",\"datePublished\":\"2017-01-18T15:45:01+00:00\",\"dateModified\":\"2018-02-23T21:18:17+00:00\",\"breadcrumb\":{\"@id\":\"https:\/\/meetings.informs.org\/wordpress\/wsc2018\/masm\/#breadcrumb\"},\"inLanguage\":\"en-US\",\"potentialAction\":[{\"@type\":\"ReadAction\",\"target\":[\"https:\/\/meetings.informs.org\/wordpress\/wsc2018\/masm\/\"]}]},{\"@type\":\"ImageObject\",\"inLanguage\":\"en-US\",\"@id\":\"https:\/\/meetings.informs.org\/wordpress\/wsc2018\/masm\/#primaryimage\",\"url\":\"https:\/\/meetings.informs.org\/wordpress\/wsc2018\/files\/2016\/12\/lMonch.png\",\"contentUrl\":\"https:\/\/meetings.informs.org\/wordpress\/wsc2018\/files\/2016\/12\/lMonch.png\",\"width\":292,\"height\":410,\"caption\":\"Lars M\u00f6nch photo\"},{\"@type\":\"BreadcrumbList\",\"@id\":\"https:\/\/meetings.informs.org\/wordpress\/wsc2018\/masm\/#breadcrumb\",\"itemListElement\":[{\"@type\":\"ListItem\",\"position\":1,\"name\":\"Home\",\"item\":\"https:\/\/meetings.informs.org\/wordpress\/wsc2018\/\"},{\"@type\":\"ListItem\",\"position\":2,\"name\":\"Modeling and Analysis of Semiconductor Manufacturing\"}]},{\"@type\":\"WebSite\",\"@id\":\"https:\/\/meetings.informs.org\/wordpress\/wsc2018\/#website\",\"url\":\"https:\/\/meetings.informs.org\/wordpress\/wsc2018\/\",\"name\":\"Winter Simulation Conference 2018\",\"description\":\"WINTER SIMULATION CONFERENCE 2018\",\"potentialAction\":[{\"@type\":\"SearchAction\",\"target\":{\"@type\":\"EntryPoint\",\"urlTemplate\":\"https:\/\/meetings.informs.org\/wordpress\/wsc2018\/?s={search_term_string}\"},\"query-input\":{\"@type\":\"PropertyValueSpecification\",\"valueRequired\":true,\"valueName\":\"search_term_string\"}}],\"inLanguage\":\"en-US\"}]}<\/script>\n<!-- \/ Yoast SEO Premium plugin. -->","yoast_head_json":{"title":"Modeling and Analysis of Semiconductor Manufacturing - Winter Simulation Conference 2018","robots":{"index":"index","follow":"follow","max-snippet":"max-snippet:-1","max-image-preview":"max-image-preview:large","max-video-preview":"max-video-preview:-1"},"canonical":"https:\/\/meetings.informs.org\/wordpress\/wsc2018\/masm\/","og_locale":"en_US","og_type":"article","og_title":"Modeling and Analysis of Semiconductor Manufacturing","og_description":"[vc_row][vc_column][vc_column_text] 14th International Conference on Modeling and Analysis of Semiconductor Manufacturing (MASM) 2018 Gothenburg, Sweden December 9-12, 2018 MASM Keynote Reflections on Reference Modeling, Simulation Testbeds, &amp; Reproducibility Lars M\u00f6nch University of Hagen Department of Mathematics and Computer Science Hagen, Germany The 2018 International Conference on Modeling and Analysis of Semiconductor Manufacturing (MASM) aims to [&hellip;]","og_url":"https:\/\/meetings.informs.org\/wordpress\/wsc2018\/masm\/","og_site_name":"Winter Simulation Conference 2018","article_modified_time":"2018-02-23T21:18:17+00:00","og_image":[{"url":"http:\/\/meetings2.informs.org\/wordpress\/wsc2018\/files\/2016\/12\/lMonch.png","type":"","width":"","height":""}],"twitter_card":"summary_large_image","twitter_misc":{"Est. reading time":"4 minutes"},"schema":{"@context":"https:\/\/schema.org","@graph":[{"@type":"WebPage","@id":"https:\/\/meetings.informs.org\/wordpress\/wsc2018\/masm\/","url":"https:\/\/meetings.informs.org\/wordpress\/wsc2018\/masm\/","name":"Modeling and Analysis of Semiconductor Manufacturing - Winter Simulation Conference 2018","isPartOf":{"@id":"https:\/\/meetings.informs.org\/wordpress\/wsc2018\/#website"},"primaryImageOfPage":{"@id":"https:\/\/meetings.informs.org\/wordpress\/wsc2018\/masm\/#primaryimage"},"image":{"@id":"https:\/\/meetings.informs.org\/wordpress\/wsc2018\/masm\/#primaryimage"},"thumbnailUrl":"https:\/\/meetings.informs.org\/wordpress\/wsc2018\/files\/2016\/12\/lMonch.png","datePublished":"2017-01-18T15:45:01+00:00","dateModified":"2018-02-23T21:18:17+00:00","breadcrumb":{"@id":"https:\/\/meetings.informs.org\/wordpress\/wsc2018\/masm\/#breadcrumb"},"inLanguage":"en-US","potentialAction":[{"@type":"ReadAction","target":["https:\/\/meetings.informs.org\/wordpress\/wsc2018\/masm\/"]}]},{"@type":"ImageObject","inLanguage":"en-US","@id":"https:\/\/meetings.informs.org\/wordpress\/wsc2018\/masm\/#primaryimage","url":"https:\/\/meetings.informs.org\/wordpress\/wsc2018\/files\/2016\/12\/lMonch.png","contentUrl":"https:\/\/meetings.informs.org\/wordpress\/wsc2018\/files\/2016\/12\/lMonch.png","width":292,"height":410,"caption":"Lars M\u00f6nch photo"},{"@type":"BreadcrumbList","@id":"https:\/\/meetings.informs.org\/wordpress\/wsc2018\/masm\/#breadcrumb","itemListElement":[{"@type":"ListItem","position":1,"name":"Home","item":"https:\/\/meetings.informs.org\/wordpress\/wsc2018\/"},{"@type":"ListItem","position":2,"name":"Modeling and Analysis of Semiconductor Manufacturing"}]},{"@type":"WebSite","@id":"https:\/\/meetings.informs.org\/wordpress\/wsc2018\/#website","url":"https:\/\/meetings.informs.org\/wordpress\/wsc2018\/","name":"Winter Simulation Conference 2018","description":"WINTER SIMULATION CONFERENCE 2018","potentialAction":[{"@type":"SearchAction","target":{"@type":"EntryPoint","urlTemplate":"https:\/\/meetings.informs.org\/wordpress\/wsc2018\/?s={search_term_string}"},"query-input":{"@type":"PropertyValueSpecification","valueRequired":true,"valueName":"search_term_string"}}],"inLanguage":"en-US"}]}},"builder_content":"","_links":{"self":[{"href":"https:\/\/meetings.informs.org\/wordpress\/wsc2018\/wp-json\/wp\/v2\/pages\/4423","targetHints":{"allow":["GET"]}}],"collection":[{"href":"https:\/\/meetings.informs.org\/wordpress\/wsc2018\/wp-json\/wp\/v2\/pages"}],"about":[{"href":"https:\/\/meetings.informs.org\/wordpress\/wsc2018\/wp-json\/wp\/v2\/types\/page"}],"author":[{"embeddable":true,"href":"https:\/\/meetings.informs.org\/wordpress\/wsc2018\/wp-json\/wp\/v2\/users\/1001065"}],"replies":[{"embeddable":true,"href":"https:\/\/meetings.informs.org\/wordpress\/wsc2018\/wp-json\/wp\/v2\/comments?post=4423"}],"version-history":[{"count":10,"href":"https:\/\/meetings.informs.org\/wordpress\/wsc2018\/wp-json\/wp\/v2\/pages\/4423\/revisions"}],"predecessor-version":[{"id":4970,"href":"https:\/\/meetings.informs.org\/wordpress\/wsc2018\/wp-json\/wp\/v2\/pages\/4423\/revisions\/4970"}],"wp:attachment":[{"href":"https:\/\/meetings.informs.org\/wordpress\/wsc2018\/wp-json\/wp\/v2\/media?parent=4423"}],"curies":[{"name":"wp","href":"https:\/\/api.w.org\/{rel}","templated":true}]}}