{"id":4423,"date":"2017-01-18T15:45:01","date_gmt":"2017-01-18T15:45:01","guid":{"rendered":"https:\/\/meetings.informs.org\/wordpress\/meetings2-2\/?page_id=4423"},"modified":"2019-07-08T15:06:35","modified_gmt":"2019-07-08T15:06:35","slug":"masm","status":"publish","type":"page","link":"https:\/\/meetings.informs.org\/wordpress\/wsc2019\/masm\/","title":{"rendered":"Modeling and Analysis of Semiconductor Manufacturing"},"content":{"rendered":"<h2 style=\"text-align: center;\">15th International Conference on Modeling and Analysis of Semiconductor Manufacturing (MASM) 2019<\/h2>\n<h5 style=\"text-align: center;\">National Harbor, Maryland<br>December 8-11, 2019<\/h5>\n<h3 style=\"text-align: center;\">MASM Keynote<\/h3>\n<h4 style=\"text-align: center;\"><strong>A European View on Future Semiconductor Industry Needs for MASM<\/strong><\/h4>\n<p style=\"text-align: center;\"><a href=\"https:\/\/meetings.informs.org\/wordpress\/wsc2019\/files\/2019\/03\/sabine-herlitschka.jpg\"><img loading=\"lazy\" decoding=\"async\" class=\"alignnone size-full wp-image-5472\" src=\"https:\/\/meetings.informs.org\/wordpress\/wsc2019\/files\/2019\/06\/sHerlitschka.jpg\" alt=\"Sabine Herlitschka image\" width=\"275\" height=\"400\"><\/a><br><strong>Dr. Sabine Herlitschka<\/strong><br><strong>Chief Executive Officer<\/strong><br><strong>Infineon Technologies Austria<\/strong><\/p>\n<p>The 2019 International Conference on Modeling and Analysis of Semiconductor Manufacturing (MASM) aims to again be a <b>forum for the exchange of ideas and industrial innovations between researchers and practitioners from around the world involved in modeling and analysis of complex high-tech manufacturing systems.<\/b> We are convinced of the worth and importance of the continuation of the MASM events held in Tempe, Arizona in 2000 and 2002, Singapore in 2005, Miami, Florida in 2008, Austin, Texas in 2009, Baltimore, Maryland in 2010, Phoenix, Arizona in 2011, Berlin, Germany in 2012, Washington, DC in 2013, Savannah, Georgia in 2014, Huntington Beach, California in 2015, Washington, DC in 2016, Las Vegas, Nevada in 2017, and Gothenburg, Sweden in 2018.<\/p>\n<p><b>The MASM 2019 conference will be fully contained within the Winter Simulation Conference 2019 (WSC 2019), the leading conference in discrete-event simulation. <\/b><i>However, MASM 2019 covers a much wider range of techniques and approaches than simulation (e.g. optimization, scheduling, queueing theory, process control, data analysis, machine learning).<\/i> WSC 2019 features a comprehensive program ranging from introductory tutorials to state-of-the-art research and practice. WSC 2019 will take place in National Harbor, Maryland. All attendees of the MASM conference will register for WSC 2019 at the same cost. All participants of WSC 2019 can attend MASM 2019 sessions.<\/p>\n<p>We are looking for high-quality academic and applied research at all levels of semiconductor manufacturing.<\/p>\n<ul>\n<li>At the equipment and process level, we would like to cover various aspects of Equipment Maintenance and Productivity, Quality and Advanced Process Control (Statistical Process Control, Fault Detection and Classification, Run To Run, Virtual Metrology, \u2026), but also how to handle and exploit the huge amount of data generated in semiconductor factories (big data). We are particularly interested in having presentations from leading semiconductor equipment manufacturers this year.<\/li>\n<li>At the shop-floor level, optimized WIP management, dispatching, scheduling and sampling of lots or qualification management of products on machines remain critical in particular when handling new complex constraints.<\/li>\n<li>At the factory level, it is important to develop efficient transportation and storage policies, production and capacity planning approaches, as well as cycle time improvements and time-to-market reductions.<\/li>\n<li>At the strategic level, demand planning, factory economics and cost modeling, new product introduction, and supply chain efficiency are important topics to support the business.<\/li>\n<\/ul>\n<p>We invite participants to present on all topics related to modeling and analysis that will help address these challenges. We also welcome contributions that integrate decisions or information at different decision levels, which is becoming a must. These various goals will be attained through new advanced control and statistical methods, computing techniques, and operations research methods. While the MASM conference is mostly focused on the current semiconductor industry state-of-the-art, neither presenters nor attendees need to be in the IC industry to participate. We are interested in methodologies, research and\/or applications from other related industries such as TFT-LCD, flexible displays, bio-chip, solid state lighting (LED), and photovoltaic (PV) that might also share or want to share common and new practices.<\/p>\n<p>Authors of high-quality submissions will have the opportunity to submit considerably extended versions of their MASM contributions to IEEE Transactions on Semiconductor Manufacturing.<\/p>\n<p>The conference includes tutorials and related software demonstrations within the Winter Simulation Conference 2019. A broad range of papers is sought, including theoretical developments, applied research, and case studies. Interested individuals within academia, government agencies, equipment suppliers, manufacturers, students, contractors, and other interested parties are encouraged to participate.<\/p>\n<p>MASM 2019 will feature a keynote talk by Dr. Sabine Herlitschka, Chief Executive Officer of Infineon Technologies Austria AG.<\/p>\n<h4>Conference Organizers<\/h4>\n<p>John W. Fowler, Arizona State University, USA<br>Tae-Eog Lee, KAIST, Republic of Korea<br>Lars M\u00f6nch, University of Hagen, Germany<\/p>\n<h4>International Program Committee<\/h4>\n<p>Jakey Blue, National Taiwan University, Taiwan<br>Chen-Fu Chien, National Tsing-Hua University, Taiwan<br>St\u00e9phane Dauz\u00e8re-P\u00e9r\u00e8s, Ecole des Mines de Saint-Etienne, France<br>Hans Ehm, Infineon, Germany<br>Ken Fordyce, Arkieva, USA<br>Michael Hassoun, Ariel University, Israel<br>Cathal Heavey, University of Limerick, Republic of Ireland<br>Jesus Jimenez, Texas State University, USA<br>Myoungsoo (Andy) Ham, Liberty University, USA<br>Baris Kacar, SAS, USA<br>Adar Kalir, Intel, Israel<br>Andreas Klemmt, Infineon, Germany<br>Peter Lendermann, D-SIMLAB, Singapore<br>John Milne, Clarkson University, USA<br>James Morrison, KAIST, Republic of Korea<br>Irfan Ovacik, Intel, USA<br>Detlef Pabst, Global Foundries, USA<br>J\u00fcrgen Pilz, University of Klagenfurt, Austria<br>Thomas Ponsignon, Infineon, Germany<br>Oliver Rose, Universit\u00e4t der Bunderwehr M\u00fcnchen, Germany<br>Ralf Sprenger, Infineon, Germany<br>Marcel Stehli, Global Foundries, Germany<br>Gian Antonio Susto, University of Padova, Italy<br>Reha Uzsoy, North Carolina State University, USA<br>Gerald Weigert, Technische Universitat Dresden, Germany<br>Kan Wu, Nanyang Technological University, Singapore<br>Jei-Zheng Wu, Soochow University Taipei, Taiwan<br>Claude Yugma, Ecole de Mines de Saint-Etienne, France<\/p>\n<h4>Paper Submission:<\/h4>\n<p>Please follow the WSC 2019 Author Kit to prepare your MASM 2018 paper at <a href=\"http:\/\/www.wintersim.org\">http:\/\/www.wintersim.org<\/a>.<\/p>\n<h4>Important Dates:<\/h4>\n<p>Deadline for Paper Submission: April 5, 2019<br>Notification of Acceptance: May 31, 2019<br>Camera Ready Paper due: July 29, 2019<\/p>\n<h4>Conference Location<\/h4>\n<p>MASM 2019 will be held in National Harbor, Maryland December 8-11, 2019. The Gaylord National Resort &amp; Conference Center is the host hotel for WSC 2019.<\/p>\n<!--themify_builder_content-->\n<div id=\"themify_builder_content-4423\" data-postid=\"4423\" class=\"themify_builder_content themify_builder_content-4423 themify_builder tf_clear\">\n    <\/div>\n<!--\/themify_builder_content-->","protected":false},"excerpt":{"rendered":"<p>15th International Conference on Modeling and Analysis of Semiconductor Manufacturing (MASM) 2019 National Harbor, MarylandDecember 8-11, 2019 MASM Keynote A European View on Future Semiconductor Industry Needs for MASM Dr. Sabine HerlitschkaChief Executive OfficerInfineon Technologies Austria The 2019 International Conference on Modeling and Analysis of Semiconductor Manufacturing (MASM) aims to again be a forum for [&hellip;]<\/p>\n","protected":false},"author":1001065,"featured_media":0,"parent":0,"menu_order":0,"comment_status":"closed","ping_status":"closed","template":"","meta":{"_acf_changed":false,"content-type":"","footnotes":""},"class_list":["post-4423","page","type-page","status-publish","hentry","has-post-title","has-post-date","has-post-category","has-post-tag","has-post-comment","has-post-author",""],"acf":[],"yoast_head":"<!-- This site is optimized with the Yoast SEO Premium plugin v26.0 (Yoast SEO v26.0) - https:\/\/yoast.com\/wordpress\/plugins\/seo\/ -->\n<title>Modeling and Analysis of Semiconductor Manufacturing - Winter Simulation Conference 2019<\/title>\n<meta name=\"robots\" content=\"index, follow, max-snippet:-1, max-image-preview:large, max-video-preview:-1\" \/>\n<link rel=\"canonical\" href=\"https:\/\/meetings.informs.org\/wordpress\/wsc2019\/masm\/\" \/>\n<meta property=\"og:locale\" content=\"en_US\" \/>\n<meta property=\"og:type\" content=\"article\" \/>\n<meta property=\"og:title\" content=\"Modeling and Analysis of Semiconductor Manufacturing\" \/>\n<meta property=\"og:description\" content=\"15th International Conference on Modeling and Analysis of Semiconductor Manufacturing (MASM) 2019 National Harbor, MarylandDecember 8-11, 2019 MASM Keynote A European View on Future Semiconductor Industry Needs for MASM Dr. Sabine HerlitschkaChief Executive OfficerInfineon Technologies Austria The 2019 International Conference on Modeling and Analysis of Semiconductor Manufacturing (MASM) aims to again be a forum for [&hellip;]\" \/>\n<meta property=\"og:url\" content=\"https:\/\/meetings.informs.org\/wordpress\/wsc2019\/masm\/\" \/>\n<meta property=\"og:site_name\" content=\"Winter Simulation Conference 2019\" \/>\n<meta property=\"article:modified_time\" content=\"2019-07-08T15:06:35+00:00\" \/>\n<meta property=\"og:image\" content=\"http:\/\/meetings2.informs.org\/wordpress\/wsc2019\/files\/2019\/06\/sHerlitschka.jpg\" \/>\n<meta name=\"twitter:card\" content=\"summary_large_image\" \/>\n<meta name=\"twitter:label1\" content=\"Est. reading time\" \/>\n\t<meta name=\"twitter:data1\" content=\"4 minutes\" \/>\n<script type=\"application\/ld+json\" class=\"yoast-schema-graph\">{\"@context\":\"https:\/\/schema.org\",\"@graph\":[{\"@type\":\"WebPage\",\"@id\":\"https:\/\/meetings.informs.org\/wordpress\/wsc2019\/masm\/\",\"url\":\"https:\/\/meetings.informs.org\/wordpress\/wsc2019\/masm\/\",\"name\":\"Modeling and Analysis of Semiconductor Manufacturing - Winter Simulation Conference 2019\",\"isPartOf\":{\"@id\":\"https:\/\/meetings.informs.org\/wordpress\/wsc2019\/#website\"},\"primaryImageOfPage\":{\"@id\":\"https:\/\/meetings.informs.org\/wordpress\/wsc2019\/masm\/#primaryimage\"},\"image\":{\"@id\":\"https:\/\/meetings.informs.org\/wordpress\/wsc2019\/masm\/#primaryimage\"},\"thumbnailUrl\":\"https:\/\/meetings.informs.org\/wordpress\/wsc2019\/files\/2019\/06\/sHerlitschka.jpg\",\"datePublished\":\"2017-01-18T15:45:01+00:00\",\"dateModified\":\"2019-07-08T15:06:35+00:00\",\"breadcrumb\":{\"@id\":\"https:\/\/meetings.informs.org\/wordpress\/wsc2019\/masm\/#breadcrumb\"},\"inLanguage\":\"en-US\",\"potentialAction\":[{\"@type\":\"ReadAction\",\"target\":[\"https:\/\/meetings.informs.org\/wordpress\/wsc2019\/masm\/\"]}]},{\"@type\":\"ImageObject\",\"inLanguage\":\"en-US\",\"@id\":\"https:\/\/meetings.informs.org\/wordpress\/wsc2019\/masm\/#primaryimage\",\"url\":\"https:\/\/meetings.informs.org\/wordpress\/wsc2019\/files\/2019\/06\/sHerlitschka.jpg\",\"contentUrl\":\"https:\/\/meetings.informs.org\/wordpress\/wsc2019\/files\/2019\/06\/sHerlitschka.jpg\",\"width\":400,\"height\":400},{\"@type\":\"BreadcrumbList\",\"@id\":\"https:\/\/meetings.informs.org\/wordpress\/wsc2019\/masm\/#breadcrumb\",\"itemListElement\":[{\"@type\":\"ListItem\",\"position\":1,\"name\":\"Home\",\"item\":\"https:\/\/meetings.informs.org\/wordpress\/wsc2019\/\"},{\"@type\":\"ListItem\",\"position\":2,\"name\":\"Modeling and Analysis of Semiconductor Manufacturing\"}]},{\"@type\":\"WebSite\",\"@id\":\"https:\/\/meetings.informs.org\/wordpress\/wsc2019\/#website\",\"url\":\"https:\/\/meetings.informs.org\/wordpress\/wsc2019\/\",\"name\":\"Winter Simulation Conference 2019\",\"description\":\"WINTER SIMULATION CONFERENCE 2019\",\"potentialAction\":[{\"@type\":\"SearchAction\",\"target\":{\"@type\":\"EntryPoint\",\"urlTemplate\":\"https:\/\/meetings.informs.org\/wordpress\/wsc2019\/?s={search_term_string}\"},\"query-input\":{\"@type\":\"PropertyValueSpecification\",\"valueRequired\":true,\"valueName\":\"search_term_string\"}}],\"inLanguage\":\"en-US\"}]}<\/script>\n<!-- \/ Yoast SEO Premium plugin. -->","yoast_head_json":{"title":"Modeling and Analysis of Semiconductor Manufacturing - Winter Simulation Conference 2019","robots":{"index":"index","follow":"follow","max-snippet":"max-snippet:-1","max-image-preview":"max-image-preview:large","max-video-preview":"max-video-preview:-1"},"canonical":"https:\/\/meetings.informs.org\/wordpress\/wsc2019\/masm\/","og_locale":"en_US","og_type":"article","og_title":"Modeling and Analysis of Semiconductor Manufacturing","og_description":"15th International Conference on Modeling and Analysis of Semiconductor Manufacturing (MASM) 2019 National Harbor, MarylandDecember 8-11, 2019 MASM Keynote A European View on Future Semiconductor Industry Needs for MASM Dr. Sabine HerlitschkaChief Executive OfficerInfineon Technologies Austria The 2019 International Conference on Modeling and Analysis of Semiconductor Manufacturing (MASM) aims to again be a forum for [&hellip;]","og_url":"https:\/\/meetings.informs.org\/wordpress\/wsc2019\/masm\/","og_site_name":"Winter Simulation Conference 2019","article_modified_time":"2019-07-08T15:06:35+00:00","og_image":[{"url":"http:\/\/meetings2.informs.org\/wordpress\/wsc2019\/files\/2019\/06\/sHerlitschka.jpg","type":"","width":"","height":""}],"twitter_card":"summary_large_image","twitter_misc":{"Est. reading time":"4 minutes"},"schema":{"@context":"https:\/\/schema.org","@graph":[{"@type":"WebPage","@id":"https:\/\/meetings.informs.org\/wordpress\/wsc2019\/masm\/","url":"https:\/\/meetings.informs.org\/wordpress\/wsc2019\/masm\/","name":"Modeling and Analysis of Semiconductor Manufacturing - Winter Simulation Conference 2019","isPartOf":{"@id":"https:\/\/meetings.informs.org\/wordpress\/wsc2019\/#website"},"primaryImageOfPage":{"@id":"https:\/\/meetings.informs.org\/wordpress\/wsc2019\/masm\/#primaryimage"},"image":{"@id":"https:\/\/meetings.informs.org\/wordpress\/wsc2019\/masm\/#primaryimage"},"thumbnailUrl":"https:\/\/meetings.informs.org\/wordpress\/wsc2019\/files\/2019\/06\/sHerlitschka.jpg","datePublished":"2017-01-18T15:45:01+00:00","dateModified":"2019-07-08T15:06:35+00:00","breadcrumb":{"@id":"https:\/\/meetings.informs.org\/wordpress\/wsc2019\/masm\/#breadcrumb"},"inLanguage":"en-US","potentialAction":[{"@type":"ReadAction","target":["https:\/\/meetings.informs.org\/wordpress\/wsc2019\/masm\/"]}]},{"@type":"ImageObject","inLanguage":"en-US","@id":"https:\/\/meetings.informs.org\/wordpress\/wsc2019\/masm\/#primaryimage","url":"https:\/\/meetings.informs.org\/wordpress\/wsc2019\/files\/2019\/06\/sHerlitschka.jpg","contentUrl":"https:\/\/meetings.informs.org\/wordpress\/wsc2019\/files\/2019\/06\/sHerlitschka.jpg","width":400,"height":400},{"@type":"BreadcrumbList","@id":"https:\/\/meetings.informs.org\/wordpress\/wsc2019\/masm\/#breadcrumb","itemListElement":[{"@type":"ListItem","position":1,"name":"Home","item":"https:\/\/meetings.informs.org\/wordpress\/wsc2019\/"},{"@type":"ListItem","position":2,"name":"Modeling and Analysis of Semiconductor Manufacturing"}]},{"@type":"WebSite","@id":"https:\/\/meetings.informs.org\/wordpress\/wsc2019\/#website","url":"https:\/\/meetings.informs.org\/wordpress\/wsc2019\/","name":"Winter Simulation Conference 2019","description":"WINTER SIMULATION CONFERENCE 2019","potentialAction":[{"@type":"SearchAction","target":{"@type":"EntryPoint","urlTemplate":"https:\/\/meetings.informs.org\/wordpress\/wsc2019\/?s={search_term_string}"},"query-input":{"@type":"PropertyValueSpecification","valueRequired":true,"valueName":"search_term_string"}}],"inLanguage":"en-US"}]}},"builder_content":"","_links":{"self":[{"href":"https:\/\/meetings.informs.org\/wordpress\/wsc2019\/wp-json\/wp\/v2\/pages\/4423","targetHints":{"allow":["GET"]}}],"collection":[{"href":"https:\/\/meetings.informs.org\/wordpress\/wsc2019\/wp-json\/wp\/v2\/pages"}],"about":[{"href":"https:\/\/meetings.informs.org\/wordpress\/wsc2019\/wp-json\/wp\/v2\/types\/page"}],"author":[{"embeddable":true,"href":"https:\/\/meetings.informs.org\/wordpress\/wsc2019\/wp-json\/wp\/v2\/users\/1001065"}],"replies":[{"embeddable":true,"href":"https:\/\/meetings.informs.org\/wordpress\/wsc2019\/wp-json\/wp\/v2\/comments?post=4423"}],"version-history":[{"count":23,"href":"https:\/\/meetings.informs.org\/wordpress\/wsc2019\/wp-json\/wp\/v2\/pages\/4423\/revisions"}],"predecessor-version":[{"id":5761,"href":"https:\/\/meetings.informs.org\/wordpress\/wsc2019\/wp-json\/wp\/v2\/pages\/4423\/revisions\/5761"}],"wp:attachment":[{"href":"https:\/\/meetings.informs.org\/wordpress\/wsc2019\/wp-json\/wp\/v2\/media?parent=4423"}],"curies":[{"name":"wp","href":"https:\/\/api.w.org\/{rel}","templated":true}]}}