{"id":4423,"date":"2017-01-18T15:45:01","date_gmt":"2017-01-18T15:45:01","guid":{"rendered":"https:\/\/meetings.informs.org\/wordpress\/meetings2-2\/?page_id=4423"},"modified":"2021-08-04T14:53:06","modified_gmt":"2021-08-04T14:53:06","slug":"masm","status":"publish","type":"page","link":"https:\/\/meetings.informs.org\/wordpress\/wsc2021\/masm\/","title":{"rendered":"Modeling and Analysis of Semiconductor Manufacturing"},"content":{"rendered":"<h2 style=\"text-align: center;\">17th International Conference on Modeling and Analysis of Semiconductor Manufacturing (MASM) 2021<\/h2>\n<h5 style=\"text-align: center;\">Phoenix, Arizona<br \/>December 12-15, 2021<\/h5>\n<h3 style=\"text-align: center;\">MASM Keynote<\/h3>\n<p style=\"text-align: center;\"><img loading=\"lazy\" decoding=\"async\" class=\"alignnone wp-image-6803 \" src=\"https:\/\/meetings.informs.org\/wordpress\/wsc2021\/files\/2021\/07\/Tae-Eog.jpg\" alt=\"\" width=\"234\" height=\"279\" \/><\/p>\n<p style=\"text-align: center;\"><strong>Professor Tae-Eog Lee, Ph.D.<\/strong><strong><br \/><\/strong><strong>Department of Industrial and Systems Engineering<br \/><\/strong><strong>Korea Advanced Institute of Science and Technology (KAIST)<br \/>Daejeon 34141, South Korea<\/strong><\/p>\n<p>The 2021 International Conference on Modeling and Analysis of Semiconductor Manufacturing (MASM) aims to again be a <strong>forum for the exchange of ideas and industrial innovations between researchers and practitioners from around the world involved in modeling and analysis of complex high-tech manufacturing systems<\/strong>. We are convinced of the worth and importance of the continuation of the MASM events held in Tempe, Arizona in 2000 and 2002, Singapore in 2005, Miami, Florida in 2008, Austin, Texas in 2009, Baltimore, Maryland in 2010, Phoenix, Arizona in 2011, Berlin, Germany in 2012, Washington, DC in 2013, Savannah, Georgia in 2014, Huntington Beach, California in 2015, Washington, DC in 2016, Las Vegas, Nevada in 2017, Gothenburg, Sweden in 2018, National Harbor, Maryland in 2019, and virtually in 2020.<\/p>\n<p><strong>The MASM 2021 conference will be fully contained within the Winter Simulation Conference 2021 (WSC 2021), the leading conference in discrete-event simulation.<\/strong> However, MASM 2021 covers a much wider range of techniques and approaches than simulation (e.g. optimization, scheduling, queueing theory, process control, data analysis, machine learning). WSC 2021 features a comprehensive program ranging from introductory tutorials to state-of-the-art research and practice. WSC 2021 is scheduled to take place December 12-15, 2021 in Phoenix, Arizona USA. Depending on the status of pandemic, an option to present virtually may be provided. All attendees of the MASM conference will register for WSC 2021 at the same cost. All participants of WSC 2021 can attend MASM 2021 sessions.<\/p>\n<p><strong>We are looking for high-quality academic and applied research at all levels of semiconductor manufacturing.<\/strong><br \/>At the equipment and process level, we would like to cover various aspects of Equipment Maintenance and Productivity, Quality and Advanced Process Control (Statistical Process Control, Fault Detection and Classification, Run To Run, Virtual Metrology, \u2026), but also how to handle and exploit the huge amount of data generated in semiconductor factories (big data). We are interested in having presen\u00adtations from leading semiconductor equipment manufacturers.<\/p>\n<p>At the shop-floor level, optimized WIP management, dispatching, scheduling and sampling of lots or qualification management of products on machines remain critical in particular when handling new complex constraints.<\/p>\n<p>At the factory level, it is important to develop efficient transportation and storage policies, production and capacity planning approaches, as well as cycle time improvements and time-to-market reductions.<\/p>\n<p>At the strategic level, demand planning, factory economics and cost modeling, new pro\u00adduct introduction, and supply chain efficiency are important topics to support the business.<\/p>\n<p>We invite participants to present on all topics related to modeling and analysis that will help address these challenges. We also welcome contributions that integrate decisions or information at different decision levels, which is becoming a must. These various goals will be attained through new advanced control and statistical methods, novel computing techniques, methods from artificial intelligence, and operations research methods. While the MASM conference is mostly focused on the current semiconductor industry state-of-the-art, neither presenters nor attendees need to be in the IC industry to participate. We are interested in methodologies, research and\/or applications from other related industries such as TFT-LCD, flexible displays, bio-chip, solid state lighting (LED), and photovoltaic (PV) that might also share or want to share common and new practices.<\/p>\n<p>Authors of high-quality submissions will have the opportunity to submit consi\u00adderably extended versions of their MASM contributions to IEEE Transactions on Semiconductor Manufacturing.<\/p>\n<p>The conference includes tutorials and related software demonstrations within the Winter Simulation Conference 2021. A broad range of papers is sought, including theoretical developments, applied research, and case studies. Interested individuals within academia, government agencies, equipment suppliers, manufacturers, students, contractors, and other interested parties are encouraged to participate.<\/p>\n<p>MASM 2021 will feature a keynote talk by Professor Tae-Eog Lee from the Department of Industrial Engineering and Systems Engineering at Korea Advanced Institute of Science and Technology (KAIST).<\/p>\n<h3>Conference Organizers<\/h3>\n<p>John W. Fowler, Arizona State University, USA<br \/>Hyun-Jung Kim, KAIST, South Korea<br \/>Lars M\u00f6nch, University of Hagen, Germany<\/p>\n<h3>International Program Committee<\/h3>\n<p>Jakey Blue, National Taiwan University, Taiwan<br \/>Chen-Fu Chien, National Tsing-Hua University, Taiwan<br \/>St\u00e9phane Dauz\u00e8re-P\u00e9r\u00e8s, Ecole des Mines de Saint-Etienne, France<br \/>Hans Ehm, Infineon, Germany<br \/>Ken Fordyce, Arkieva, USA<br \/>Michael Hassoun, Ariel University, USA<br \/>Cathal Heavey, University of Limerick, Republic of Ireland<br \/>Jesus Jimenez, Texas State University, USA<br \/>Myoungsoo (Andy) Ham, Liberty University, USA<br \/>Baris Kacar, SAS, USA<br \/>Adar Kalir, Intel, Israel<br \/>Andreas Klemmt, Infineon, Germany<br \/>Tae-Eog Lee, KAIST, Republic of Korea<br \/>Peter Lendermann, D-SIMLAB, Singapore<br \/>John Milne, Clarkson University, USA<br \/>James Morrison, Central Michigan University, USA<br \/>Detlef Pabst, Global Foundries, USA<br \/>Thomas Ponsignon, Infineon, Germany<br \/>Oliver Rose, Universit\u00e4t der Bunderwehr M\u00fcnchen, Germany<br \/>Ralf Sprenger, Infineon, Germany<br \/>Marcel Stehli, Global Foundries, Germany<br \/>Gian Antonio Susto, University of Padova, Italy <br \/>Reha Uzsoy, North Carolina State University, USA<br \/>Kan Wu, Nanyang Technological University, Singapore<br \/>Jei-Zheng Wu, Soochow University Taipei, Taiwan<br \/>Claude Yugma, Ecole de Mines de Saint-Etienne, France<\/p>\n<h3>Paper Submission<\/h3>\n<p>Please follow the <a href=\"https:\/\/meetings.informs.org\/wordpress\/wsc2021\/authorsubmission\/\">WSC 2021 Author Kit<\/a> to prepare your MASM 2021 paper.<\/p>\n<h3>Important Dates<\/h3>\n<p>Deadline for Paper Submission: April 5, 2021<br \/>Notification of Acceptance: May 31, 2021<br \/>Camera Ready Paper due: June 30, 2021<\/p>\n<h3>Conference Location<\/h3>\n<p>MASM 2021 is scheduled to be held in Phoenix, Arizona, December 12-15, 2021. The JW Marriott Desert Ridge is the host hotel for WSC 2021. Depending on the status of pandemic, an option to present virtually may be provided.<\/p>\n<!--themify_builder_content-->\n<div id=\"themify_builder_content-4423\" data-postid=\"4423\" class=\"themify_builder_content themify_builder_content-4423 themify_builder tf_clear\">\n    <\/div>\n<!--\/themify_builder_content-->","protected":false},"excerpt":{"rendered":"<p>17th International Conference on Modeling and Analysis of Semiconductor Manufacturing (MASM) 2021 Phoenix, ArizonaDecember 12-15, 2021 MASM Keynote Professor Tae-Eog Lee, Ph.D.Department of Industrial and Systems EngineeringKorea Advanced Institute of Science and Technology (KAIST)Daejeon 34141, South Korea The 2021 International Conference on Modeling and Analysis of Semiconductor Manufacturing (MASM) aims to again be a forum [&hellip;]<\/p>\n","protected":false},"author":1001065,"featured_media":6464,"parent":0,"menu_order":0,"comment_status":"closed","ping_status":"closed","template":"","meta":{"_acf_changed":false,"content-type":"","footnotes":""},"class_list":["post-4423","page","type-page","status-publish","has-post-thumbnail","hentry","has-post-title","has-post-date","has-post-category","has-post-tag","has-post-comment","has-post-author",""],"acf":[],"yoast_head":"<!-- This site is optimized with the Yoast SEO Premium plugin v26.0 (Yoast SEO v26.0) - https:\/\/yoast.com\/wordpress\/plugins\/seo\/ -->\n<title>Modeling and Analysis of Semiconductor Manufacturing - Winter Simulation Conference 2021<\/title>\n<meta name=\"description\" content=\"The 2021 MASM is a forum for exchanging of ideas and industrial innovations in modeling and analysis of complex high-tech manufacturing systems.\" \/>\n<meta name=\"robots\" content=\"index, follow, max-snippet:-1, max-image-preview:large, max-video-preview:-1\" \/>\n<link rel=\"canonical\" href=\"https:\/\/meetings.informs.org\/wordpress\/wsc2021\/masm\/\" \/>\n<meta property=\"og:locale\" content=\"en_US\" \/>\n<meta property=\"og:type\" content=\"article\" \/>\n<meta property=\"og:title\" content=\"Modeling and Analysis of Semiconductor Manufacturing\" \/>\n<meta property=\"og:description\" content=\"The 2021 MASM is a forum for exchanging of ideas and industrial innovations in modeling and analysis of complex high-tech manufacturing systems.\" \/>\n<meta property=\"og:url\" content=\"https:\/\/meetings.informs.org\/wordpress\/wsc2021\/masm\/\" \/>\n<meta property=\"og:site_name\" content=\"Winter Simulation Conference 2021\" \/>\n<meta property=\"article:modified_time\" content=\"2021-08-04T14:53:06+00:00\" \/>\n<meta property=\"og:image\" content=\"https:\/\/meetings.informs.org\/wordpress\/wsc2021\/files\/2020\/12\/2021_WSC_Logo_web.png\" \/>\n\t<meta property=\"og:image:width\" content=\"200\" \/>\n\t<meta property=\"og:image:height\" content=\"209\" \/>\n\t<meta property=\"og:image:type\" content=\"image\/png\" \/>\n<meta name=\"twitter:card\" content=\"summary_large_image\" \/>\n<meta name=\"twitter:label1\" content=\"Est. reading time\" \/>\n\t<meta name=\"twitter:data1\" content=\"5 minutes\" \/>\n<script type=\"application\/ld+json\" class=\"yoast-schema-graph\">{\"@context\":\"https:\/\/schema.org\",\"@graph\":[{\"@type\":\"WebPage\",\"@id\":\"https:\/\/meetings.informs.org\/wordpress\/wsc2021\/masm\/\",\"url\":\"https:\/\/meetings.informs.org\/wordpress\/wsc2021\/masm\/\",\"name\":\"Modeling and Analysis of Semiconductor Manufacturing - Winter Simulation Conference 2021\",\"isPartOf\":{\"@id\":\"https:\/\/meetings.informs.org\/wordpress\/wsc2021\/#website\"},\"primaryImageOfPage\":{\"@id\":\"https:\/\/meetings.informs.org\/wordpress\/wsc2021\/masm\/#primaryimage\"},\"image\":{\"@id\":\"https:\/\/meetings.informs.org\/wordpress\/wsc2021\/masm\/#primaryimage\"},\"thumbnailUrl\":\"https:\/\/meetings.informs.org\/wordpress\/wsc2021\/files\/2020\/12\/2021_WSC_Logo_web.png\",\"datePublished\":\"2017-01-18T15:45:01+00:00\",\"dateModified\":\"2021-08-04T14:53:06+00:00\",\"description\":\"The 2021 MASM is a forum for exchanging of ideas and industrial innovations in modeling and analysis of complex high-tech manufacturing systems.\",\"breadcrumb\":{\"@id\":\"https:\/\/meetings.informs.org\/wordpress\/wsc2021\/masm\/#breadcrumb\"},\"inLanguage\":\"en-US\",\"potentialAction\":[{\"@type\":\"ReadAction\",\"target\":[\"https:\/\/meetings.informs.org\/wordpress\/wsc2021\/masm\/\"]}]},{\"@type\":\"ImageObject\",\"inLanguage\":\"en-US\",\"@id\":\"https:\/\/meetings.informs.org\/wordpress\/wsc2021\/masm\/#primaryimage\",\"url\":\"https:\/\/meetings.informs.org\/wordpress\/wsc2021\/files\/2020\/12\/2021_WSC_Logo_web.png\",\"contentUrl\":\"https:\/\/meetings.informs.org\/wordpress\/wsc2021\/files\/2020\/12\/2021_WSC_Logo_web.png\",\"width\":200,\"height\":209,\"caption\":\"Join us at WSC 2021\"},{\"@type\":\"BreadcrumbList\",\"@id\":\"https:\/\/meetings.informs.org\/wordpress\/wsc2021\/masm\/#breadcrumb\",\"itemListElement\":[{\"@type\":\"ListItem\",\"position\":1,\"name\":\"Home\",\"item\":\"https:\/\/meetings.informs.org\/wordpress\/wsc2021\/\"},{\"@type\":\"ListItem\",\"position\":2,\"name\":\"Modeling and Analysis of Semiconductor Manufacturing\"}]},{\"@type\":\"WebSite\",\"@id\":\"https:\/\/meetings.informs.org\/wordpress\/wsc2021\/#website\",\"url\":\"https:\/\/meetings.informs.org\/wordpress\/wsc2021\/\",\"name\":\"Winter Simulation Conference 2021\",\"description\":\"Winter Simulation Conference 2021\",\"potentialAction\":[{\"@type\":\"SearchAction\",\"target\":{\"@type\":\"EntryPoint\",\"urlTemplate\":\"https:\/\/meetings.informs.org\/wordpress\/wsc2021\/?s={search_term_string}\"},\"query-input\":{\"@type\":\"PropertyValueSpecification\",\"valueRequired\":true,\"valueName\":\"search_term_string\"}}],\"inLanguage\":\"en-US\"}]}<\/script>\n<!-- \/ Yoast SEO Premium plugin. -->","yoast_head_json":{"title":"Modeling and Analysis of Semiconductor Manufacturing - Winter Simulation Conference 2021","description":"The 2021 MASM is a forum for exchanging of ideas and industrial innovations in modeling and analysis of complex high-tech manufacturing systems.","robots":{"index":"index","follow":"follow","max-snippet":"max-snippet:-1","max-image-preview":"max-image-preview:large","max-video-preview":"max-video-preview:-1"},"canonical":"https:\/\/meetings.informs.org\/wordpress\/wsc2021\/masm\/","og_locale":"en_US","og_type":"article","og_title":"Modeling and Analysis of Semiconductor Manufacturing","og_description":"The 2021 MASM is a forum for exchanging of ideas and industrial innovations in modeling and analysis of complex high-tech manufacturing systems.","og_url":"https:\/\/meetings.informs.org\/wordpress\/wsc2021\/masm\/","og_site_name":"Winter Simulation Conference 2021","article_modified_time":"2021-08-04T14:53:06+00:00","og_image":[{"width":200,"height":209,"url":"https:\/\/meetings.informs.org\/wordpress\/wsc2021\/files\/2020\/12\/2021_WSC_Logo_web.png","type":"image\/png"}],"twitter_card":"summary_large_image","twitter_misc":{"Est. reading time":"5 minutes"},"schema":{"@context":"https:\/\/schema.org","@graph":[{"@type":"WebPage","@id":"https:\/\/meetings.informs.org\/wordpress\/wsc2021\/masm\/","url":"https:\/\/meetings.informs.org\/wordpress\/wsc2021\/masm\/","name":"Modeling and Analysis of Semiconductor Manufacturing - Winter Simulation Conference 2021","isPartOf":{"@id":"https:\/\/meetings.informs.org\/wordpress\/wsc2021\/#website"},"primaryImageOfPage":{"@id":"https:\/\/meetings.informs.org\/wordpress\/wsc2021\/masm\/#primaryimage"},"image":{"@id":"https:\/\/meetings.informs.org\/wordpress\/wsc2021\/masm\/#primaryimage"},"thumbnailUrl":"https:\/\/meetings.informs.org\/wordpress\/wsc2021\/files\/2020\/12\/2021_WSC_Logo_web.png","datePublished":"2017-01-18T15:45:01+00:00","dateModified":"2021-08-04T14:53:06+00:00","description":"The 2021 MASM is a forum for exchanging of ideas and industrial innovations in modeling and analysis of complex high-tech manufacturing systems.","breadcrumb":{"@id":"https:\/\/meetings.informs.org\/wordpress\/wsc2021\/masm\/#breadcrumb"},"inLanguage":"en-US","potentialAction":[{"@type":"ReadAction","target":["https:\/\/meetings.informs.org\/wordpress\/wsc2021\/masm\/"]}]},{"@type":"ImageObject","inLanguage":"en-US","@id":"https:\/\/meetings.informs.org\/wordpress\/wsc2021\/masm\/#primaryimage","url":"https:\/\/meetings.informs.org\/wordpress\/wsc2021\/files\/2020\/12\/2021_WSC_Logo_web.png","contentUrl":"https:\/\/meetings.informs.org\/wordpress\/wsc2021\/files\/2020\/12\/2021_WSC_Logo_web.png","width":200,"height":209,"caption":"Join us at WSC 2021"},{"@type":"BreadcrumbList","@id":"https:\/\/meetings.informs.org\/wordpress\/wsc2021\/masm\/#breadcrumb","itemListElement":[{"@type":"ListItem","position":1,"name":"Home","item":"https:\/\/meetings.informs.org\/wordpress\/wsc2021\/"},{"@type":"ListItem","position":2,"name":"Modeling and Analysis of Semiconductor Manufacturing"}]},{"@type":"WebSite","@id":"https:\/\/meetings.informs.org\/wordpress\/wsc2021\/#website","url":"https:\/\/meetings.informs.org\/wordpress\/wsc2021\/","name":"Winter Simulation Conference 2021","description":"Winter Simulation Conference 2021","potentialAction":[{"@type":"SearchAction","target":{"@type":"EntryPoint","urlTemplate":"https:\/\/meetings.informs.org\/wordpress\/wsc2021\/?s={search_term_string}"},"query-input":{"@type":"PropertyValueSpecification","valueRequired":true,"valueName":"search_term_string"}}],"inLanguage":"en-US"}]}},"builder_content":"","_links":{"self":[{"href":"https:\/\/meetings.informs.org\/wordpress\/wsc2021\/wp-json\/wp\/v2\/pages\/4423","targetHints":{"allow":["GET"]}}],"collection":[{"href":"https:\/\/meetings.informs.org\/wordpress\/wsc2021\/wp-json\/wp\/v2\/pages"}],"about":[{"href":"https:\/\/meetings.informs.org\/wordpress\/wsc2021\/wp-json\/wp\/v2\/types\/page"}],"author":[{"embeddable":true,"href":"https:\/\/meetings.informs.org\/wordpress\/wsc2021\/wp-json\/wp\/v2\/users\/1001065"}],"replies":[{"embeddable":true,"href":"https:\/\/meetings.informs.org\/wordpress\/wsc2021\/wp-json\/wp\/v2\/comments?post=4423"}],"version-history":[{"count":41,"href":"https:\/\/meetings.informs.org\/wordpress\/wsc2021\/wp-json\/wp\/v2\/pages\/4423\/revisions"}],"predecessor-version":[{"id":6858,"href":"https:\/\/meetings.informs.org\/wordpress\/wsc2021\/wp-json\/wp\/v2\/pages\/4423\/revisions\/6858"}],"wp:featuredmedia":[{"embeddable":true,"href":"https:\/\/meetings.informs.org\/wordpress\/wsc2021\/wp-json\/wp\/v2\/media\/6464"}],"wp:attachment":[{"href":"https:\/\/meetings.informs.org\/wordpress\/wsc2021\/wp-json\/wp\/v2\/media?parent=4423"}],"curies":[{"name":"wp","href":"https:\/\/api.w.org\/{rel}","templated":true}]}}