{"id":4423,"date":"2017-01-18T15:45:01","date_gmt":"2017-01-18T15:45:01","guid":{"rendered":"https:\/\/meetings.informs.org\/wordpress\/meetings2-2\/?page_id=4423"},"modified":"2023-02-02T14:24:08","modified_gmt":"2023-02-02T14:24:08","slug":"masm","status":"publish","type":"page","link":"https:\/\/meetings.informs.org\/wordpress\/wsc2022\/masm\/","title":{"rendered":"Modeling and Analysis of Semiconductor Manufacturing"},"content":{"rendered":"<h2 style=\"text-align: center\">18th International Conference on Modeling and Analysis of Semiconductor Manufacturing (MASM) 2022<\/h2>\n<h3 style=\"text-align: center\">Singapore<br \/>December 11-14, 2022<\/h3>\n<p>\u00a0<\/p>\n<p style=\"text-align: center\"><strong>Part of\u00a0<\/strong><\/p>\n<p><strong><a href=\"https:\/\/meetings.informs.org\/wordpress\/wsc2022\/files\/2021\/11\/2022_Winter-Simulation-Conference_Logo_web.png\"><img loading=\"lazy\" decoding=\"async\" class=\"wp-image-7122 aligncenter\" src=\"https:\/\/meetings.informs.org\/wordpress\/wsc2022\/files\/2021\/11\/2022_Winter-Simulation-Conference_Logo_web.png\" alt=\"\" width=\"205\" height=\"177\" \/><\/a><br \/><\/strong><\/p>\n<h4 style=\"text-align: center\">Supported by<br \/><a href=\"https:\/\/meetings.informs.org\/wordpress\/wsc2022\/files\/2022\/02\/SSIA-Logo-colour.png\"><img loading=\"lazy\" decoding=\"async\" class=\"alignnone wp-image-7201\" src=\"https:\/\/meetings.informs.org\/wordpress\/wsc2022\/files\/2022\/02\/SSIA-Logo-colour.png\" alt=\"\" width=\"382\" height=\"106\" \/><\/a> <a href=\"https:\/\/meetings.informs.org\/wordpress\/wsc2022\/files\/2022\/02\/SEMI-Logo.jpg\"><img loading=\"lazy\" decoding=\"async\" class=\"alignnone  wp-image-7200\" src=\"https:\/\/meetings.informs.org\/wordpress\/wsc2022\/files\/2022\/02\/SEMI-Logo.jpg\" alt=\"\" width=\"442\" height=\"125\" \/><\/a><\/h4>\n<p>\u00a0<\/p>\n<p><strong>The International Conference on Modelling and Analysis of Semiconductor Manufacturing (MASM)<\/strong> is an annual forum for the exchange of ideas and industrial innovations between researchers and practitioners from around the world involved in modelling and analysis of complex high-tech manufacturing systems.<\/p>\n<p>The MASM Conference is fully contained within the Winter Simulation Conference (WSC), the world-leading conference for Discrete Event Simulation, but covers a much wider range of techniques and approaches that also include optimization, scheduling, queueing theory, process control, data analysis and machine learning. It features a comprehensive program ranging from state-of-the-art research to recent case studies demonstrating the relevance of these techniques for Smart Manufacturing.<\/p>\n<p>For 2022 we are asking not just for Full Research Papers but also for relevant Industrial Case Studies illustrating the benefits that have been achieved with novel methodologies and solutions. These Industrial Case Study presentations will be fully integrated into the respective MASM application track but will only require a 2-page \u201cExtended Abstract\u201d and have shorter submission lead times to facilitate participation from the industry. Unlike Full Research Papers, Extended Abstracts will appear only in the INFORMS Simulation Society archives but not in the ACM and IEEE digital proceedings.<\/p>\n<p>The MASM 2022 conference will take place in \u201cSilicon Island\u201d Singapore, one of the most dynamic and cosmopolitan cities in Asia, home to many players of the semiconductor and electronics supply chain, and in particular more than a dozen wafer fabrication facilities.<\/p>\n<p>Uncertainties associated with the current pandemic situation will be considered and as such WSC\/MASM 2022 will be organized in a fully hybrid mode, i.e. it will be possible to present papers and case studies either on-site in Singapore or virtually.<\/p>\n<p>We are looking for high-quality academic and applied research and relevant industrial case studies at all levels of Semiconductor Manufacturing.<\/p>\n<p>At the <strong>equipment and process level<\/strong>, we would like to cover various aspects of Equipment Maintenance and Productivity, Quality and Advanced Process Control (Statistical Process Control, Fault Detection and Classification, Run To Run, Virtual Metrology, etc.), but also how to handle and exploit the huge amount of data generated in wafer fabs (Big Data). As such we also invite submissions from leading Semiconductor Equipment Manufacturers.<\/p>\n<p>At the <strong>shop-floor level<\/strong>, optimized WIP management, dispatching, scheduling and sampling of lots or qualification management of products on machines remain critical in particular when handling complex constraints.<\/p>\n<p>At the <strong>factory level<\/strong>, it is important to develop efficient transportation and storage policies, production and capacity planning approaches, in order to reduce cycle times and time-to-market.<\/p>\n<p>At the <strong>strategic level<\/strong>, demand planning, factory economics and cost modelling, new product introduction, and supply chain efficiency are important topics to support the business.<\/p>\n<p>We invite participants to present on all topics related to modelling and analysis that will help address these challenges. We also welcome contributions that integrate decisions or information at different decision levels which is becoming a must. These various goals will be attained through new advanced control and statistical methods, novel computing techniques, methods from artificial intelligence, and operations research methods.<\/p>\n<p>While the MASM Conference is mostly focused on the current semiconductor industry state-of-the-art, neither presenters nor attendees need to be in the IC industry to participate. We are interested in methodologies, research and\/or applications from other related industries such as TFT-LCD, flexible displays, bio-chip, solid state lighting (LED), and photovoltaic (PV) that might also share or want to share common and new practices. Interested individuals within academia, government agencies, equipment suppliers, manufacturers, students, contractors, and other interested parties are encouraged to participate.<\/p>\n<p>All attendees of the MASM Conference will register for Winter Simulation Conference at the same cost. In turn, all participants of WSC can attend the respective MASM sessions.<\/p>\n<p>Each accepted paper and case study presentation must have a separate, paid registration. Only under highly unusual circumstances, and at the discretion of the conference leadership, will an author be allowed to present more than one paper on a single registration. Authors wishing to do so must contact the Program Chair by September 1, clearly describing which papers the authors wish to present under the single registration, and why an exception to the conference policy is warranted. Unless permission is granted, an author planning to present two papers will be required to pay for two registrations.<\/p>\n<p>Authors of high-quality submissions of Full Research Papers will also have the opportunity to submit considerably extended versions of their MASM contributions to IEEE Transactions on Semiconductor Manufacturing.<\/p>\n<h3>\u00a0<\/h3>\n<h3 style=\"text-align: center\">MASM Keynote<\/h3>\n<p style=\"text-align: center\"><a href=\"https:\/\/meetings.informs.org\/wordpress\/wsc2022\/files\/2022\/02\/Koen-de-Backer-HD.jpg\"><img loading=\"lazy\" decoding=\"async\" class=\"alignnone size-full wp-image-7253\" src=\"https:\/\/meetings.informs.org\/wordpress\/wsc2022\/files\/2022\/02\/Koen-de-Backer-HD.jpg\" alt=\"\" width=\"300\" height=\"300\" \/><\/a><\/p>\n<p style=\"text-align: center\"><b>Koen de Backer<br \/>Vice President Smart Manufacturing &amp; Artificial Intelligence, Micron Technology<br \/>Chairman, Smart Manufacturing Council, SEMI Southeast Asia<br \/>Member, Regional Advisory Board, SEMI Southeast Asia<\/b><\/p>\n<p style=\"text-align: center\"><em><strong>Industry 4.0 Innovation in Semiconductor Planning and Operations<\/strong><\/em><\/p>\n<h3>Conference Organizers<\/h3>\n<p>John W. Fowler, Arizona State University, USA<br \/>Lars M\u00f6nch, University of Hagen, Germany<br \/>Kan Wu, Chang Gung University, Taiwan<\/p>\n<h3>International Program Committee<\/h3>\n<p>Jakey Blue, National Taiwan University, Taiwan<br \/>Chen-Fu Chien, National Tsing-Hua University, Taiwan<br \/>St\u00e9phane Dauz\u00e8re-P\u00e9r\u00e8s, Ecole des Mines de Saint-Etienne, France<br \/>Hans Ehm, Infineon Technologies, Germany<br \/>Ken Fordyce, Arkieva, USA<br \/>Michael Hassoun, Ariel University, Israel<br \/>Cathal Heavey, University of Limerick, Ireland<br \/>Jesus Jimenez, Texas State University, USA<br \/>Myoungsoo (Andy) Ham, Liberty University, USA<br \/>Chiang Hsu, TSMC, Taiwan<br \/>Baris Kacar, SAS, USA<br \/>Adar Kalir, Intel, Israel<br \/>DJ Kim, Micron Technology, USA<br \/>Hyun-Jung Kim, KAIST, Korea<br \/>Andreas Klemmt, Infineon Technologies, Germany<br \/>Tae-Eog Lee, KAIST, Korea<br \/>Peter Lendermann, D-SIMLAB Technologies, Singapore<br \/>John Milne, Clarkson University, USA<br \/>James Morrison, Central Michigan University, USA<br \/>Tina O&#8217;Donnell, Seagate Technology, Derry, United Kingdom<br \/>Detlef Pabst, Global Foundries, USA<br \/>Thomas Ponsignon, Infineon Technologies, Germany<br \/>Oliver Rose, Universit\u00e4t der Bundeswehr M\u00fcnchen, Germany<br \/>Ralf Sprenger, Infineon Technologies, Germany<br \/>Marcel Stehli, Global Foundries, Germany<br \/>Gian Antonio Susto, University of Padova, Italy<br \/>Reha Uzsoy, North Carolina State University, USA<br \/>Philippe Vialletelle, ST Microelectronics, France<br \/>Jei-Zheng Wu, Soochow University Taipei, Taiwan<br \/>Claude Yugma, Ecole de Mines de Saint-Etienne, France<\/p>\n<p><span style=\"font-weight: 400\">Please follow the<\/span> <a href=\"https:\/\/meetings.informs.org\/wordpress\/wsc2022\/authorsubmission\/\"><span style=\"font-weight: 400\">2022 WSC Author Kit<\/span><\/a><span style=\"font-weight: 400\"> to prepare your MASM 2022 Paper or Extended Abstract.<\/span><\/p>\n<h3>Important Dates<\/h3>\n<h4>Full Research Papers:<\/h4>\n<p><strong>Immediately: <\/strong>Submission open<strong><br \/>April 5, 2022: <\/strong>Submission due<strong><br \/>April 26, 2022: <\/strong>Submission due for invited papers<strong><br \/>May 31, 2022: <\/strong>Notification of acceptance<strong><br \/>August 31, 2022: <\/strong>Camera-ready paper due<\/p>\n<h4>Extended Abstracts for Industrial Case Studies:<\/h4>\n<p><strong>May 1, 2022: <\/strong>Submission open<strong><br \/>August 2, 2022: <\/strong>Submission due<strong><br \/>August 31, 2022: <\/strong>Notification of acceptance<strong><br \/>September 13, 2022: <\/strong>Camera-ready abstract due<\/p>\n<p>\u00a0<\/p>\n<!--themify_builder_content-->\n<div id=\"themify_builder_content-4423\" data-postid=\"4423\" class=\"themify_builder_content themify_builder_content-4423 themify_builder tf_clear\">\n    <\/div>\n<!--\/themify_builder_content-->","protected":false},"excerpt":{"rendered":"<p>18th International Conference on Modeling and Analysis of Semiconductor Manufacturing (MASM) 2022 SingaporeDecember 11-14, 2022 \u00a0 Part of\u00a0 Supported by \u00a0 The International Conference on Modelling and Analysis of Semiconductor Manufacturing (MASM) is an annual forum for the exchange of ideas and industrial innovations between researchers and practitioners from around the world involved in modelling [&hellip;]<\/p>\n","protected":false},"author":1001065,"featured_media":0,"parent":0,"menu_order":0,"comment_status":"closed","ping_status":"closed","template":"","meta":{"_acf_changed":false,"content-type":"","footnotes":""},"class_list":["post-4423","page","type-page","status-publish","hentry","has-post-title","has-post-date","has-post-category","has-post-tag","has-post-comment","has-post-author",""],"acf":[],"yoast_head":"<!-- This site is optimized with the Yoast SEO Premium plugin v26.0 (Yoast SEO v26.0) - https:\/\/yoast.com\/wordpress\/plugins\/seo\/ -->\n<title>Modeling and Analysis of Semiconductor Manufacturing - Winter Simulation Conference 2022<\/title>\n<meta name=\"description\" content=\"The 2022 MASM is a forum for exchanging of ideas and industrial innovations in modeling and analysis of complex high-tech manufacturing systems.\" \/>\n<meta name=\"robots\" content=\"index, follow, max-snippet:-1, max-image-preview:large, max-video-preview:-1\" \/>\n<link rel=\"canonical\" href=\"https:\/\/meetings.informs.org\/wordpress\/wsc2022\/masm\/\" \/>\n<meta property=\"og:locale\" content=\"en_US\" \/>\n<meta property=\"og:type\" content=\"article\" \/>\n<meta property=\"og:title\" content=\"Modeling and Analysis of Semiconductor Manufacturing\" \/>\n<meta property=\"og:description\" content=\"The 2022 MASM is a forum for exchanging of ideas and industrial innovations in modeling and analysis of complex high-tech manufacturing systems.\" \/>\n<meta property=\"og:url\" content=\"https:\/\/meetings.informs.org\/wordpress\/wsc2022\/masm\/\" \/>\n<meta property=\"og:site_name\" content=\"Winter Simulation Conference 2022\" \/>\n<meta property=\"article:modified_time\" content=\"2023-02-02T14:24:08+00:00\" \/>\n<meta property=\"og:image\" content=\"http:\/\/meetings.informs.org\/wordpress\/wsc2022\/files\/2021\/11\/2022_Winter-Simulation-Conference_Logo_web.png\" \/>\n<meta name=\"twitter:card\" content=\"summary_large_image\" \/>\n<meta name=\"twitter:label1\" content=\"Est. reading time\" \/>\n\t<meta name=\"twitter:data1\" content=\"6 minutes\" \/>\n<script type=\"application\/ld+json\" class=\"yoast-schema-graph\">{\"@context\":\"https:\/\/schema.org\",\"@graph\":[{\"@type\":\"WebPage\",\"@id\":\"https:\/\/meetings.informs.org\/wordpress\/wsc2022\/masm\/\",\"url\":\"https:\/\/meetings.informs.org\/wordpress\/wsc2022\/masm\/\",\"name\":\"Modeling and Analysis of Semiconductor Manufacturing - Winter Simulation Conference 2022\",\"isPartOf\":{\"@id\":\"https:\/\/meetings.informs.org\/wordpress\/wsc2022\/#website\"},\"primaryImageOfPage\":{\"@id\":\"https:\/\/meetings.informs.org\/wordpress\/wsc2022\/masm\/#primaryimage\"},\"image\":{\"@id\":\"https:\/\/meetings.informs.org\/wordpress\/wsc2022\/masm\/#primaryimage\"},\"thumbnailUrl\":\"https:\/\/meetings.informs.org\/wordpress\/wsc2022\/files\/2021\/11\/2022_Winter-Simulation-Conference_Logo_web.png\",\"datePublished\":\"2017-01-18T15:45:01+00:00\",\"dateModified\":\"2023-02-02T14:24:08+00:00\",\"description\":\"The 2022 MASM is a forum for exchanging of ideas and industrial innovations in modeling and analysis of complex high-tech manufacturing systems.\",\"breadcrumb\":{\"@id\":\"https:\/\/meetings.informs.org\/wordpress\/wsc2022\/masm\/#breadcrumb\"},\"inLanguage\":\"en-US\",\"potentialAction\":[{\"@type\":\"ReadAction\",\"target\":[\"https:\/\/meetings.informs.org\/wordpress\/wsc2022\/masm\/\"]}]},{\"@type\":\"ImageObject\",\"inLanguage\":\"en-US\",\"@id\":\"https:\/\/meetings.informs.org\/wordpress\/wsc2022\/masm\/#primaryimage\",\"url\":\"https:\/\/meetings.informs.org\/wordpress\/wsc2022\/files\/2021\/11\/2022_Winter-Simulation-Conference_Logo_web.png\",\"contentUrl\":\"https:\/\/meetings.informs.org\/wordpress\/wsc2022\/files\/2021\/11\/2022_Winter-Simulation-Conference_Logo_web.png\",\"width\":400,\"height\":345},{\"@type\":\"BreadcrumbList\",\"@id\":\"https:\/\/meetings.informs.org\/wordpress\/wsc2022\/masm\/#breadcrumb\",\"itemListElement\":[{\"@type\":\"ListItem\",\"position\":1,\"name\":\"Home\",\"item\":\"https:\/\/meetings.informs.org\/wordpress\/wsc2022\/\"},{\"@type\":\"ListItem\",\"position\":2,\"name\":\"Modeling and Analysis of Semiconductor Manufacturing\"}]},{\"@type\":\"WebSite\",\"@id\":\"https:\/\/meetings.informs.org\/wordpress\/wsc2022\/#website\",\"url\":\"https:\/\/meetings.informs.org\/wordpress\/wsc2022\/\",\"name\":\"Winter Simulation Conference 2022\",\"description\":\"Winter Simulation Conference 2021\",\"potentialAction\":[{\"@type\":\"SearchAction\",\"target\":{\"@type\":\"EntryPoint\",\"urlTemplate\":\"https:\/\/meetings.informs.org\/wordpress\/wsc2022\/?s={search_term_string}\"},\"query-input\":{\"@type\":\"PropertyValueSpecification\",\"valueRequired\":true,\"valueName\":\"search_term_string\"}}],\"inLanguage\":\"en-US\"}]}<\/script>\n<!-- \/ Yoast SEO Premium plugin. -->","yoast_head_json":{"title":"Modeling and Analysis of Semiconductor Manufacturing - Winter Simulation Conference 2022","description":"The 2022 MASM is a forum for exchanging of ideas and industrial innovations in modeling and analysis of complex high-tech manufacturing systems.","robots":{"index":"index","follow":"follow","max-snippet":"max-snippet:-1","max-image-preview":"max-image-preview:large","max-video-preview":"max-video-preview:-1"},"canonical":"https:\/\/meetings.informs.org\/wordpress\/wsc2022\/masm\/","og_locale":"en_US","og_type":"article","og_title":"Modeling and Analysis of Semiconductor Manufacturing","og_description":"The 2022 MASM is a forum for exchanging of ideas and industrial innovations in modeling and analysis of complex high-tech manufacturing systems.","og_url":"https:\/\/meetings.informs.org\/wordpress\/wsc2022\/masm\/","og_site_name":"Winter Simulation Conference 2022","article_modified_time":"2023-02-02T14:24:08+00:00","og_image":[{"url":"http:\/\/meetings.informs.org\/wordpress\/wsc2022\/files\/2021\/11\/2022_Winter-Simulation-Conference_Logo_web.png","type":"","width":"","height":""}],"twitter_card":"summary_large_image","twitter_misc":{"Est. reading time":"6 minutes"},"schema":{"@context":"https:\/\/schema.org","@graph":[{"@type":"WebPage","@id":"https:\/\/meetings.informs.org\/wordpress\/wsc2022\/masm\/","url":"https:\/\/meetings.informs.org\/wordpress\/wsc2022\/masm\/","name":"Modeling and Analysis of Semiconductor Manufacturing - Winter Simulation Conference 2022","isPartOf":{"@id":"https:\/\/meetings.informs.org\/wordpress\/wsc2022\/#website"},"primaryImageOfPage":{"@id":"https:\/\/meetings.informs.org\/wordpress\/wsc2022\/masm\/#primaryimage"},"image":{"@id":"https:\/\/meetings.informs.org\/wordpress\/wsc2022\/masm\/#primaryimage"},"thumbnailUrl":"https:\/\/meetings.informs.org\/wordpress\/wsc2022\/files\/2021\/11\/2022_Winter-Simulation-Conference_Logo_web.png","datePublished":"2017-01-18T15:45:01+00:00","dateModified":"2023-02-02T14:24:08+00:00","description":"The 2022 MASM is a forum for exchanging of ideas and industrial innovations in modeling and analysis of complex high-tech manufacturing systems.","breadcrumb":{"@id":"https:\/\/meetings.informs.org\/wordpress\/wsc2022\/masm\/#breadcrumb"},"inLanguage":"en-US","potentialAction":[{"@type":"ReadAction","target":["https:\/\/meetings.informs.org\/wordpress\/wsc2022\/masm\/"]}]},{"@type":"ImageObject","inLanguage":"en-US","@id":"https:\/\/meetings.informs.org\/wordpress\/wsc2022\/masm\/#primaryimage","url":"https:\/\/meetings.informs.org\/wordpress\/wsc2022\/files\/2021\/11\/2022_Winter-Simulation-Conference_Logo_web.png","contentUrl":"https:\/\/meetings.informs.org\/wordpress\/wsc2022\/files\/2021\/11\/2022_Winter-Simulation-Conference_Logo_web.png","width":400,"height":345},{"@type":"BreadcrumbList","@id":"https:\/\/meetings.informs.org\/wordpress\/wsc2022\/masm\/#breadcrumb","itemListElement":[{"@type":"ListItem","position":1,"name":"Home","item":"https:\/\/meetings.informs.org\/wordpress\/wsc2022\/"},{"@type":"ListItem","position":2,"name":"Modeling and Analysis of Semiconductor Manufacturing"}]},{"@type":"WebSite","@id":"https:\/\/meetings.informs.org\/wordpress\/wsc2022\/#website","url":"https:\/\/meetings.informs.org\/wordpress\/wsc2022\/","name":"Winter Simulation Conference 2022","description":"Winter Simulation Conference 2021","potentialAction":[{"@type":"SearchAction","target":{"@type":"EntryPoint","urlTemplate":"https:\/\/meetings.informs.org\/wordpress\/wsc2022\/?s={search_term_string}"},"query-input":{"@type":"PropertyValueSpecification","valueRequired":true,"valueName":"search_term_string"}}],"inLanguage":"en-US"}]}},"builder_content":"","_links":{"self":[{"href":"https:\/\/meetings.informs.org\/wordpress\/wsc2022\/wp-json\/wp\/v2\/pages\/4423","targetHints":{"allow":["GET"]}}],"collection":[{"href":"https:\/\/meetings.informs.org\/wordpress\/wsc2022\/wp-json\/wp\/v2\/pages"}],"about":[{"href":"https:\/\/meetings.informs.org\/wordpress\/wsc2022\/wp-json\/wp\/v2\/types\/page"}],"author":[{"embeddable":true,"href":"https:\/\/meetings.informs.org\/wordpress\/wsc2022\/wp-json\/wp\/v2\/users\/1001065"}],"replies":[{"embeddable":true,"href":"https:\/\/meetings.informs.org\/wordpress\/wsc2022\/wp-json\/wp\/v2\/comments?post=4423"}],"version-history":[{"count":65,"href":"https:\/\/meetings.informs.org\/wordpress\/wsc2022\/wp-json\/wp\/v2\/pages\/4423\/revisions"}],"predecessor-version":[{"id":7700,"href":"https:\/\/meetings.informs.org\/wordpress\/wsc2022\/wp-json\/wp\/v2\/pages\/4423\/revisions\/7700"}],"wp:attachment":[{"href":"https:\/\/meetings.informs.org\/wordpress\/wsc2022\/wp-json\/wp\/v2\/media?parent=4423"}],"curies":[{"name":"wp","href":"https:\/\/api.w.org\/{rel}","templated":true}]}}